{"id":105,"date":"2015-07-23T17:40:52","date_gmt":"2015-07-23T15:40:52","guid":{"rendered":"http:\/\/armadilloclub.org\/site\/?page_id=105"},"modified":"2020-08-28T15:54:30","modified_gmt":"2020-08-28T13:54:30","slug":"sukarma","status":"publish","type":"page","link":"https:\/\/www.armadilloclub.org\/site\/management-e-produzioni\/sukarma\/","title":{"rendered":"Sukarma"},"content":{"rendered":"<h2 style=\"text-align: justify;\">SUKARMA<\/h2>\n<h3 style=\"text-align: justify;\">Nepali Folk &amp; Classical Music<\/h3>\n<p><a href=\"https:\/\/www.armadilloclub.org\/site\/wp-content\/uploads\/2015\/07\/sukarma-protour2.jpg\"><img loading=\"lazy\" decoding=\"async\" class=\"aligncenter wp-image-1014 size-full\" src=\"https:\/\/www.armadilloclub.org\/site\/wp-content\/uploads\/2015\/07\/sukarma-protour2.jpg\" alt=\"\" width=\"640\" height=\"419\" srcset=\"https:\/\/www.armadilloclub.org\/site\/wp-content\/uploads\/2015\/07\/sukarma-protour2.jpg 640w, https:\/\/www.armadilloclub.org\/site\/wp-content\/uploads\/2015\/07\/sukarma-protour2-300x196.jpg 300w\" sizes=\"auto, (max-width: 640px) 100vw, 640px\" \/><\/a><\/p>\n<p style=\"text-align: justify;\">Sukarma \u00e9 uno dei gruppi pi\u00f9 dotati e innovativi nel campo della musica nepalese classica e folkloristica. La filosofia di Sukarma tende ad instillare nei giovani amore per la musica tradizionale eseguendo sia raga che musica folkloristica, permettendone cos\u00ec il reciproco arricchimento. Anche l&#8217;insolito accostamerito di strumenti classici e folkloristici come il sitar, il sarangi, il flauto e il tabla offrono l&#8217;opportunit\u00e0 di ampliare le possibilit\u00e0&#8217; di espressione e dinamica musicele. Il gruppo Sukarma \u00e9 anche impegnato nella promozione o conservazione della tradizione musicale Nepalese classica e folkloristica. I membri di Sukarma hanno viaggiato e si sono esibiti in varie parti del mondo come USA, Francia, Germania, Austria, Belgio, Italia, Giappone e Kyrgystan. Il gruppo ha inciso parecchi CD.<\/p>\n<h3 style=\"text-align: justify;\">COMPONENTI<\/h3>\n<p style=\"text-align: justify;\"><strong>Dhrubesh Chandra Regmi<\/strong><br \/>\n<strong> (SITAR)<\/strong><br \/>\nil maestro Dhrubesh discende da una delle grandi famiglie di musicisti nepalesi. Il bisnonno Dev Chandra Regmi fu il primo a popolarizzare il sitar in Nepal, i! nonno Krishna Chandra Regmi vinse il prestigioso riconoscimento Indra Rajya Laxmi National Award per il contributo offerto alla tradizione musicale Nepalese. Suo padre Satish Chandra Regmi fu a capo, per molti anni della facolt\u00e0 di musica alle Tribhuvan University. Lo stesso Dhurbesh inizi\u00f2 a suonare il sitar come allievo di suo padre e in seguito sotto la guida del rinomato maestro Urna Shanker Mishra di Delhi. E&#8217; laureato in musica all&#8217;Universit\u00e0 di Delhi distinguendosi per le sue ricerche sulla musica Nepalese durante il periodo Rana, ed \u00e9 riconosciuto come Sangeet Alankar (maetro di musica) presso l&#8217;istituzione musicale Indiana Gandarva Mahavidhyalaya. Ha anche una laurea in legge conseguita alla Tribhuvan University.<br \/>\nHa partecipats a numerosi eventi musicali sia in Nepal che in India e in altre parti del mondo. Tra i numerosi riconoscimenti per la sua attivit\u00e0 musicale, sono da ricodare il primo premio di Radio Nepal nel 1989, il Kiratcswar Sangeer Award 2002, lo Swar Sangarn Youth Sangeet Award 2004 ecc. Al presente \u00e9 lettore presso il Campus Padma Kanya M. in Nepal.<\/p>\n<p style=\"text-align: justify;\"><strong>Shyam Nepali<\/strong><br \/>\n<strong>(SARANGI)<\/strong><br \/>\nShyam ha iniziato la sua educazione musicale (canto danza e sarangi) all&#8217;et\u00e0 di otto anni presso ili nonno, grande suonatore lui stesso, e presso suo padre Ramsharan Nepali, riconosciuto maestro di sarangi. Shyam ha suonato per la prima volta in Pubblico all&#8217;et\u00e0 di 15 anni in una competizione musicale tenuta presso la Royal Nepal Academy. Pi\u00f9 tardi con il complesso Surva ha inciso il suo primo CD. La sua discografia oramai include oltre 10 titoli. E&#8217; attualmente uno dei pi\u00f9 dotati e apprezzati giovani virtuosi del Nepal, il suo modo di suonare colpisce ed emoziona. Ha partecipato a numerosi spettacoli in Nepal e all&#8217;estero.<\/p>\n<p style=\"text-align: justify;\"><strong>Pramod Upadhyaya<\/strong><br \/>\n<strong>(TABLA) <\/strong><br \/>\nPramod \u00e9 un suonatore di Tabla e percussioni molto dotato ed ha iniziato a suonare con suo padre Hom Nath Upadhaya anche lui notevole musicista. Ha anche avuto l&#8217;opportunit\u00e0&#8217; di avere come maestro Ustad Zakir Hussain, durante un soggiorno a Bombay. La sua prima esibizione pubblica come solista ha avuto luogo quando Pramod aveva 5 anni. Tra gli spettatori era presente anche il re Birendra Bir Bikram Shah Dev. La sua prima tourn\u00e9e all&#8217;estero \u00e9 stata in Germania in occasione del German Unification Day. Nel 1995 ha suonato per il Nepal Festival a Losanna. La sua attivit\u00e0 concertistica lo ha portato a visitare numerosi paesi tra cui Francia USA, Singapore, Hong Kong, UzbeKistan, Corea, Pakistan e India. Pramod \u00e9 in rapporto con Sukarma da 5 anni e ultimamente \u00e9 un membro permanente del gruppo.<\/p>\n<h3 style=\"text-align: justify;\">ALTRE NOTIZIE<\/h3>\n<p>Shanti.Marg, Dhumbarahi, P. B. No. 21432, Kathmandu, Nepal<br \/>\nTei. 00-977-1-4424116, Fax. 00-977-1-4430608<br \/>\nEmail: sukarma@wlink.com.np<br \/>\n<a href=\"mailto:sukarma@sukarmarnusic.com\" target=\"_blank\" rel=\"noopener noreferrer\">sukarma@sukarmarnusic.com<\/a><br \/>\n<a href=\"http:\/\/www.sukarmamusic.com\/\" target=\"_blank\" rel=\"noopener noreferrer\">http:\/\/www.sukarmamusic.com\/<\/a><\/p>\n","protected":false},"excerpt":{"rendered":"<p>SUKARMA Nepali Folk &amp; Classical Music Sukarma \u00e9 uno dei gruppi pi\u00f9 dotati e innovativi nel campo della musica nepalese classica e folkloristica. La filosofia di Sukarma tende ad instillare nei giovani amore per la musica tradizionale eseguendo sia raga &hellip; <\/p>\n<p><a class=\"more-link\" href=\"https:\/\/www.armadilloclub.org\/site\/management-e-produzioni\/sukarma\/\">Continue reading<\/a><\/p>\n","protected":false},"author":1,"featured_media":106,"parent":30,"menu_order":0,"comment_status":"closed","ping_status":"closed","template":"","meta":{"footnotes":""},"class_list":["post-105","page","type-page","status-publish","has-post-thumbnail","hentry"],"_links":{"self":[{"href":"https:\/\/www.armadilloclub.org\/site\/wp-json\/wp\/v2\/pages\/105","targetHints":{"allow":["GET"]}}],"collection":[{"href":"https:\/\/www.armadilloclub.org\/site\/wp-json\/wp\/v2\/pages"}],"about":[{"href":"https:\/\/www.armadilloclub.org\/site\/wp-json\/wp\/v2\/types\/page"}],"author":[{"embeddable":true,"href":"https:\/\/www.armadilloclub.org\/site\/wp-json\/wp\/v2\/users\/1"}],"replies":[{"embeddable":true,"href":"https:\/\/www.armadilloclub.org\/site\/wp-json\/wp\/v2\/comments?post=105"}],"version-history":[{"count":6,"href":"https:\/\/www.armadilloclub.org\/site\/wp-json\/wp\/v2\/pages\/105\/revisions"}],"predecessor-version":[{"id":1926,"href":"https:\/\/www.armadilloclub.org\/site\/wp-json\/wp\/v2\/pages\/105\/revisions\/1926"}],"up":[{"embeddable":true,"href":"https:\/\/www.armadilloclub.org\/site\/wp-json\/wp\/v2\/pages\/30"}],"wp:featuredmedia":[{"embeddable":true,"href":"https:\/\/www.armadilloclub.org\/site\/wp-json\/wp\/v2\/media\/106"}],"wp:attachment":[{"href":"https:\/\/www.armadilloclub.org\/site\/wp-json\/wp\/v2\/media?parent=105"}],"curies":[{"name":"wp","href":"https:\/\/api.w.org\/{rel}","templated":true}]}}