{"id":116,"date":"2015-07-23T18:05:25","date_gmt":"2015-07-23T16:05:25","guid":{"rendered":"http:\/\/armadilloclub.org\/site\/?page_id=116"},"modified":"2020-08-24T17:26:07","modified_gmt":"2020-08-24T15:26:07","slug":"jackie-perkins","status":"publish","type":"page","link":"https:\/\/www.armadilloclub.org\/site\/management-e-produzioni\/jackie-perkins\/","title":{"rendered":"Jackie Perkins"},"content":{"rendered":"<h2 style=\"text-align: justify;\"><img loading=\"lazy\" decoding=\"async\" class=\"size-full wp-image-117 aligncenter\" src=\"http:\/\/armadilloclub.org\/site\/wp-content\/uploads\/2015\/07\/jackie1.jpg\" alt=\"jackie1\" width=\"600\" height=\"479\" srcset=\"https:\/\/www.armadilloclub.org\/site\/wp-content\/uploads\/2015\/07\/jackie1.jpg 600w, https:\/\/www.armadilloclub.org\/site\/wp-content\/uploads\/2015\/07\/jackie1-300x240.jpg 300w\" sizes=\"auto, (max-width: 600px) 100vw, 600px\" \/><\/h2>\n<h1><\/h1>\n<h1><\/h1>\n<h1><\/h1>\n<h1><\/h1>\n<h1><\/h1>\n<h1><\/h1>\n<h1><\/h1>\n<h1><\/h1>\n<h1 style=\"text-align: left;\">JACKIE PERKINS (USA)<\/h1>\n<h5><strong>FOLLOW THE ARTIST:\u00a0<\/strong><strong><a href=\"https:\/\/www.facebook.com\/jackie.perkins.94\/\" target=\"_blank\" rel=\"attachment noopener wp-att-921 noreferrer\"><img loading=\"lazy\" decoding=\"async\" class=\"wp-image-921\" src=\"https:\/\/www.armadilloclub.org\/site\/wp-content\/uploads\/2016\/03\/rujr-150x150.png\" alt=\"rujr\" width=\"30\" height=\"30\" srcset=\"https:\/\/www.armadilloclub.org\/site\/wp-content\/uploads\/2016\/03\/rujr-150x150.png 150w, https:\/\/www.armadilloclub.org\/site\/wp-content\/uploads\/2016\/03\/rujr.png 256w\" sizes=\"auto, (max-width: 30px) 100vw, 30px\" \/><\/a><\/strong><\/h5>\n<p style=\"text-align: justify;\">Con una madre pianista, il padre suonatore di trombone, la sorella raffinata violinista, Jackie Perkins (Sparta, South Carolina, USA 1963) nasce sotto il segno della musica.<br \/>\nA diciott\u2019anni s&#8217;iscrive all&#8217;universit\u00e0 e inizia a cantare, fino alla doppia laurea in lingue e canto. Una borsa di studio della Rotary Foundation la porta in Italia: prima a Siena, poi a Roma dove studia lirica, poi a Perugia, e infine a Parma, dove vive dal 1995. L&#8217;anno dopo arrivano i primi concerti, lei, una chitarra, l&#8217;iniziale timidezza e le prime ballate folk ispirate a Joni Mitchell. Registra <em>Go Forth Living Arrows<\/em>, che uscir\u00e0 solo nel 2000.<br \/>\nDal &#8217;97 ad oggi ha collaborato alla realizzazione di pi\u00f9 di quaranta dischi tra single, compilation e raccolte, ha partecipato come voce e chitarra acustica a tre tour con il chitarrista Paolo Giordano (alle spalle collaborazioni con Lucio Dalla e Biagio Antonacci) e il bassista di fama internazionale Michael Manring. Con loro lavora all&#8217;album <em>Kid in a Toyshop<\/em>, uscito nel 2000 per la casa discografica indipendente Step Musique.<\/p>\n<p>Negli anni continua l&#8217;attivit\u00e0 live in Italia, con apparizioni anche negli USA, con una continua crescita di successo e stima nel circuito della nuova musica acustica, raffinando sia la composizione sia le performance dal vivo, dove il suo stile chitarristico particolare, pieno di accordature aperte e di ritmiche originali, si combina armonicamente con una voce splendida e di ampia estensione.<br \/>\nNel 2008 lavora intensamente alla registrazione del suo CD <em>The Still Awakening<\/em>, che esce nel Marzo del 2009, dove le sue canzoni denotano una maturit\u00e0 artistica ormai raggiunta. All&#8217;album partecipano, oltre al sempre pi\u00f9 straordinario Michael Manring al basso, alcuni altri musicisti internazionali come i fratelli Gabin e Paul Dabir\u00e8, africani del Burkina Faso, Adriano Molinari (Zucchero) alla batteria e Alex Acu\u00f1a (Weather Report) alle percussioni dando vita ad un progetto multi-etnico. Dopo la realizzazione dell&#8217;album l&#8217;intera Exotique Band parte per un lungo e apprezzato tour in Italia, sotto la regia dell&#8217;Armadillo Club.<br \/>\nNel 2011 d\u00e0 la voce all&#8217;album <em>Christmas Paradise Brazilian Love affair<\/em>\u00a0con brani arrangiati da Elio Baldicant\u00f9. Nel 2012 \u00e8 la prima cantautrice americana a partecipare al IFSGF a Shanghai, Cina, invitata dalla Naga Guitars di Huang Chia-Wei, e apre il concerto per Tommy Emmanuel nello Shanghai Grand Theatre. Dal 2013 continua a comporre brani originali accompagnandosi alla chitarra acustica, pianoforte e ukulele e a prestare la voce per vari progetti, con la promessa della realizzazione imminente del suo secondo progetto personale. Nel febbraio del 2014 condivide il palco con Alessandro Finazzo (Finaz) della Bandabard\u00f2 in tour con Michael Manring.<br \/>\nDal 1999 al 2014 partecipa al prestigioso festival della chitarra acustica &#8220;Acoustic Guitar Meeting&#8221; a Sarzana, come richiesta ed amata performer, ma anche come presentatrice dei concerti serali e traduttrice nei seminari e workshop. Partecipa da protagonista alla prima edizione dell&#8217;Acoustic Guitar Village a Cremona Mondomusica nel settembre 2014 e nel marzo del 2015 \u00e8 in tour in varie citt\u00e0 italiane con Manring e con il chitarrista inglese Clive Carroll. Nel mese di ottobre 2016 e settembre del 2019 partecipa ai tour della cantautrice Italo-Americana Giulia Millanta aprendo i concerti e cantando armonie sui suoi brani, in sette tappe nei Paesi Bassi, Lussemburgo, Germania e Belgio.Nel 2017 ha iniziato a esibirsi in una serie di concerti-tributo a Joni Mitchell in occasione del 50\u00b0 anniversario dall&#8217;uscita del primo album della Mitchell. Il suo prossimo EP \u201cWhat Is Truth?\u201d \u00e8 stato completato all&#8217;inizio del 2020, e uscir\u00e0 terminata la crisi causata dalla crisi &#8220;Covid 19&#8221;.<\/p>\n<h3 style=\"text-align: center;\">PERFORMANCES E APPARIZIONI<\/h3>\n<p style=\"text-align: justify;\">Bataclan, Salsomaggiore &#8211; Folk Club, Torino &#8211; Corte Del Macchione, Parma &#8211; Festa dell\u2019Unita 2001, Reggio Emilia &#8211; Arcipub, Parma &#8211; Storyville, Arezzo &#8211; Bluebird, Affida &#8211; Estival Jazz 2002, Mendrisio (CH) &#8211; Rassegna Fermaposta, Sarzana \u2013 I Giorni della Chitarra, La Spezia &#8211; Kabala, Pescara &#8211; Nidaba, Milano &#8211; Saint Patrick\u2019s Day Festival, Tre Casali (PR) &#8211; Spazio Musica, Pavia &#8211; Gallery Music Bar, Moniga di Garda -Guitar Land, Genova &#8211; Arcilive, Fidenza &#8211; Teatro Manzoni, Pontremoli &#8211; Piazza della Rotonda. Lerici &#8211; La Taverna, Vasto &#8211; Parma Lirica, Parma, Acoustic Guitar International Meeting 2001, 2002, 2006, 2008, Sarzana &#8211; Rio Dell\u2019Acqua &#8211; Noceto Teatro Comunale &#8211; Bormio Guitar Festival &#8211; Madame Guitar, Udine &#8211; varie apparizioni negli USA &#8211; ecc.<br \/>\nTelevisione-intervista, \u201cRadio Break\u201d, TV Parma, Sabato, 9 Novembre, 2002<\/p>\n<h3 style=\"text-align: center;\">RASSEGNA STAMPA<\/h3>\n<blockquote><p>&#8230;lei canta splendidamente, e si accompagna ritmicamente alla chitarra con armonizzazioni intriganti&#8230;<\/p><\/blockquote>\n<p><em>Chitarre, Luglio 2002<\/em><\/p>\n<blockquote><p>&#8230;.pi\u00f9 nascosta tra le righe di belle canzoni che hanno una forte eco west coast americana, molto ben cantate da JACQUELINE PERKINS&#8230;<\/p><\/blockquote>\n<p><em>Chitarre, Febbraio 2001<\/em><\/p>\n<blockquote><p>Kid in a Toyshop-Grande importanza va data alla presenza di Jacqueline Perkins, sia perch\u00e9 la maggioranza dei testi le appartiene, sia perch\u00e9 con la sua voce calda impreziosisce parecchi pezzi&#8230;.<\/p><\/blockquote>\n<p><em>Jam, Febbraio 2001<\/em><\/p>\n<blockquote><p>\u201c&#8230; ragazza dotata di voce dolcemente gaelica ma calda come il vento della sua terra&#8230; musica suggestiva e testi profondi\u201d<\/p><\/blockquote>\n<p><em>Gazzetta di Parma &#8211;\u00a0Febbraio, 2002<\/em><\/p>\n<h3 style=\"text-align: center;\">\u00a0IMMAGINI<\/h3>\n<p><center><a href=\"https:\/\/www.armadilloclub.org\/site\/wp-content\/uploads\/2015\/07\/12241454_10206711477297079_7736016380171398039_n.jpg\" rel=\"attachment wp-att-1081\"><img loading=\"lazy\" decoding=\"async\" class=\"alignnone size-thumbnail wp-image-1081\" src=\"https:\/\/www.armadilloclub.org\/site\/wp-content\/uploads\/2015\/07\/12241454_10206711477297079_7736016380171398039_n-150x150.jpg\" alt=\"12241454_10206711477297079_7736016380171398039_n\" width=\"150\" height=\"150\" srcset=\"https:\/\/www.armadilloclub.org\/site\/wp-content\/uploads\/2015\/07\/12241454_10206711477297079_7736016380171398039_n-150x150.jpg 150w, https:\/\/www.armadilloclub.org\/site\/wp-content\/uploads\/2015\/07\/12241454_10206711477297079_7736016380171398039_n-300x300.jpg 300w, https:\/\/www.armadilloclub.org\/site\/wp-content\/uploads\/2015\/07\/12241454_10206711477297079_7736016380171398039_n-768x768.jpg 768w, https:\/\/www.armadilloclub.org\/site\/wp-content\/uploads\/2015\/07\/12241454_10206711477297079_7736016380171398039_n.jpg 949w\" sizes=\"auto, (max-width: 150px) 100vw, 150px\" \/> <\/a><a href=\"https:\/\/www.armadilloclub.org\/site\/wp-content\/uploads\/2015\/07\/jackie1.jpg\" rel=\"attachment wp-att-117\"><img loading=\"lazy\" decoding=\"async\" class=\"alignnone size-thumbnail wp-image-117\" src=\"https:\/\/www.armadilloclub.org\/site\/wp-content\/uploads\/2015\/07\/jackie1-150x150.jpg\" alt=\"jackie1\" width=\"150\" height=\"150\" \/> <\/a><a href=\"https:\/\/www.armadilloclub.org\/site\/wp-content\/uploads\/2015\/07\/Exotique_Band.jpg\" rel=\"attachment wp-att-118\"><img loading=\"lazy\" decoding=\"async\" class=\"alignnone size-thumbnail wp-image-118\" src=\"https:\/\/www.armadilloclub.org\/site\/wp-content\/uploads\/2015\/07\/Exotique_Band-150x150.jpg\" alt=\"Exotique_Band\" width=\"150\" height=\"150\" \/><\/a><\/center><\/p>\n","protected":false},"excerpt":{"rendered":"<p>JACKIE PERKINS (USA) FOLLOW THE ARTIST:\u00a0 Con una madre pianista, il padre suonatore di trombone, la sorella raffinata violinista, Jackie Perkins (Sparta, South Carolina, USA 1963) nasce sotto il segno della musica. A diciott\u2019anni s&#8217;iscrive all&#8217;universit\u00e0 e inizia a cantare, &hellip; <\/p>\n<p><a class=\"more-link\" href=\"https:\/\/www.armadilloclub.org\/site\/management-e-produzioni\/jackie-perkins\/\">Continue reading<\/a><\/p>\n","protected":false},"author":1,"featured_media":117,"parent":30,"menu_order":0,"comment_status":"closed","ping_status":"closed","template":"","meta":{"footnotes":""},"class_list":["post-116","page","type-page","status-publish","has-post-thumbnail","hentry"],"_links":{"self":[{"href":"https:\/\/www.armadilloclub.org\/site\/wp-json\/wp\/v2\/pages\/116","targetHints":{"allow":["GET"]}}],"collection":[{"href":"https:\/\/www.armadilloclub.org\/site\/wp-json\/wp\/v2\/pages"}],"about":[{"href":"https:\/\/www.armadilloclub.org\/site\/wp-json\/wp\/v2\/types\/page"}],"author":[{"embeddable":true,"href":"https:\/\/www.armadilloclub.org\/site\/wp-json\/wp\/v2\/users\/1"}],"replies":[{"embeddable":true,"href":"https:\/\/www.armadilloclub.org\/site\/wp-json\/wp\/v2\/comments?post=116"}],"version-history":[{"count":19,"href":"https:\/\/www.armadilloclub.org\/site\/wp-json\/wp\/v2\/pages\/116\/revisions"}],"predecessor-version":[{"id":1921,"href":"https:\/\/www.armadilloclub.org\/site\/wp-json\/wp\/v2\/pages\/116\/revisions\/1921"}],"up":[{"embeddable":true,"href":"https:\/\/www.armadilloclub.org\/site\/wp-json\/wp\/v2\/pages\/30"}],"wp:featuredmedia":[{"embeddable":true,"href":"https:\/\/www.armadilloclub.org\/site\/wp-json\/wp\/v2\/media\/117"}],"wp:attachment":[{"href":"https:\/\/www.armadilloclub.org\/site\/wp-json\/wp\/v2\/media?parent=116"}],"curies":[{"name":"wp","href":"https:\/\/api.w.org\/{rel}","templated":true}]}}