{"id":1226,"date":"2016-11-22T11:23:50","date_gmt":"2016-11-22T10:23:50","guid":{"rendered":"http:\/\/www.armadilloclub.org\/site\/?page_id=1226"},"modified":"2016-11-24T17:03:41","modified_gmt":"2016-11-24T16:03:41","slug":"corsi-chitarra-seminari-clinics","status":"publish","type":"page","link":"https:\/\/www.armadilloclub.org\/site\/armadillo-club-auditorium\/corsi-chitarra-seminari-clinics\/","title":{"rendered":"Corsi Chitarra &#8211; Seminari &#8211; Clinics"},"content":{"rendered":"<p><a href=\"http:\/\/armadilloclub.org\/site\/wp-content\/uploads\/2015\/08\/Scuolacustica-vettoriale-banner-web.jpg\"><img loading=\"lazy\" decoding=\"async\" class=\"size-full wp-image-814 aligncenter\" src=\"http:\/\/armadilloclub.org\/site\/wp-content\/uploads\/2015\/08\/Scuolacustica-vettoriale-banner-web.jpg\" alt=\"Scuolacustica-vettoriale-banner-web\" width=\"300\" height=\"92\" \/><\/a><strong><em>sede di Sarzana presso Auditorium\u00a0 Armadillo Club<br \/>\n<\/em><\/strong>Centro Culturale Polivalente ex vecchio mercato<br \/>\nVia Terzi, Sarzana (SP)<br \/>\nTel. 0187 626993<br \/>\ninfo@armadilloclub.org<br \/>\n<strong>Insegnante:\u00a0Giuseppe Tropeano<\/strong><\/p>\n<p><a href=\"http:\/\/armadilloclub.org\/site\/wp-content\/uploads\/2015\/08\/Scuolacustica-vettoriale-banner-web.jpg\"><img loading=\"lazy\" decoding=\"async\" class=\"size-full wp-image-814 aligncenter\" src=\"http:\/\/armadilloclub.org\/site\/wp-content\/uploads\/2015\/08\/Scuolacustica-vettoriale-banner-web.jpg\" alt=\"Scuolacustica-vettoriale-banner-web\" width=\"300\" height=\"92\" \/><\/a>Scuolacustica \u00e8 una realt\u00e0 che nasce dall\u2019esperienza di fingerpicking.net: un marchio consolidato in tanti anni di lavoro e passione per il mondo delle sei corde, in particolare rivolto alla chitarra acustica. La promozione di questo strumento, l\u2019approfondimento didattico e culturale promosso dal portale fingerpicking.net hanno fatto s\u00ec che diventasse uno dei punti di riferimento a livello nazionale, e non solo, dei professionisti e degli appassionati di questa tecnica che prende il nome appunto di fingerpicking.<\/p>\n<p>Il percorso proposto \u00e8 un corso di studi specifico e professionale che porter\u00e0 gli allievi, partendo dalle basi, verso una conoscenza pi\u00f9 consapevole delle tecniche usate sulla chitarra e una formazione globale del chitarrista-musicista, in grado di comprendere la musica, le sue regole, la storia, per poter diventare protagonista con il proprio strumento.<\/p>\n<p>Il corso si articola in quattro livelli, secondo il grado di difficolt\u00e0, sia per quel che riguarda la tecnica strumentale sia per la parte teorica. Per ciascun livello verr\u00e0 indicato uno o pi\u00f9 libri di testo che verranno seguiti, editi dalla collana curata direttamente da fingerpicking.net.<br \/>\nAl termine dei livelli l\u2019allievo affronter\u00e0 un esame di verifica per accedere al livello successivo.<br \/>\nTra le molte opportunit\u00e0 che il corso offre, verranno selezionati alla fine dell\u2019anno gli studenti pi\u00f9 meritevoli che potranno esibirsi in un saggio finale all\u2019Acoustic Guitar Meeting di Sarzana (SP), uno dei maggiori festival internazionali dedicati alla chitarra acustica. Quest\u2019opportunit\u00e0 permetter\u00e0 agli allievi, oltre che di confrontarsi con il pubblico, anche di venire a contatto con professionisti, liutai, rivenditori, legati a questo ambiente. Inoltre, Scuolacustica proporr\u00e0 i propri allievi a diversi festival sul territorio nazionale, come le rassegne Acoustic Franciacorta e l\u2019Adgpa convention.<\/p>\n<p><strong>Bibliografia essenziale del corso<\/strong>\u00a0\u00a0 (a questo materiale, i docenti potranno aggiungere ulteriori dispense)<\/p>\n<p><strong>LIVELLO 1<\/strong><br \/>\nD. Bazzani, \u201cFingerstyle, Beginnings 1\u201d, fingeripicking.net<\/p>\n<p><strong>LIVELLO 2<\/strong><br \/>\nD. Bazzani, L. Francioso, \u201cFingerstyle guitar easy\u201d, fingeripicking.net<br \/>\nD. Bazzani, \u201cFingerstyle blues guitar\u201d, fingeripicking.net<br \/>\nD. Bazzani, \u201cBasso alternato\u201d, Carish<\/p>\n<p><strong>LIVELLO 3<\/strong><br \/>\nD. Bazzani, L. Francioso, \u201cFingerstyle guitar intermediate\u201d, fingerpicking.net<br \/>\nD. Bazzani, \u201cFingerstyle blues guitar\u201d, fingerpicking.net<\/p>\n<p><strong>LIVELLO 4<\/strong><br \/>\nD. Bazzani, L. Francioso, \u201cFingerstyle guitar advanced\u201d, fingerpicking.net<br \/>\nD. Bazzani, \u201cFingerstyle blues guitar\u201d, fingerpicking.net<\/p>\n<p>Tutta la bibliografia \u00e8 disponibile su\u00a0<a href=\"http:\/\/www.fingerpickingshop.com\/\">www.fingerpickingshop.com<\/a><\/p>\n<p><strong>\u00a0<\/strong><\/p>\n<hr \/>\n<p><span style=\"text-decoration: underline;\">SABATO 3 DICEMBRE 2016,\u00a0alle 19<\/span><\/p>\n<p><strong>MASTERCLASS di CHITARRA ACUSTICA tenuta da PAOLO GIORDANO<\/strong><\/p>\n<p>Ingresso \u20ac 15, comprensivo di apericena a seguire<\/p>\n<p><a href=\"https:\/\/www.armadilloclub.org\/site\/wp-content\/uploads\/2016\/11\/Paolo-Giordano_p.jpg\" rel=\"attachment wp-att-1255\"><img loading=\"lazy\" decoding=\"async\" class=\"alignnone size-large wp-image-1255\" src=\"https:\/\/www.armadilloclub.org\/site\/wp-content\/uploads\/2016\/11\/Paolo-Giordano_p-717x1024.jpg\" alt=\"paolo-giordano_p\" width=\"717\" height=\"1024\" srcset=\"https:\/\/www.armadilloclub.org\/site\/wp-content\/uploads\/2016\/11\/Paolo-Giordano_p-717x1024.jpg 717w, https:\/\/www.armadilloclub.org\/site\/wp-content\/uploads\/2016\/11\/Paolo-Giordano_p-210x300.jpg 210w, https:\/\/www.armadilloclub.org\/site\/wp-content\/uploads\/2016\/11\/Paolo-Giordano_p-768x1097.jpg 768w, https:\/\/www.armadilloclub.org\/site\/wp-content\/uploads\/2016\/11\/Paolo-Giordano_p.jpg 1052w\" sizes=\"auto, (max-width: 717px) 100vw, 717px\" \/><\/a><\/p>\n<p>&nbsp;<\/p>\n<hr \/>\n<h3><\/h3>\n<h3>ARMADILLO CLUB WORKSHOP ESTIVO<br \/>\nSARZANA<br \/>\n18 \u2013 19 AGOSTO 2008<\/h3>\n<h4>Ospiti: ED GERHARD, DAVIDE MASTRANGELO, ALESSIO AMBROSI<\/h4>\n<p><a href=\"http:\/\/armadilloclub.org\/site\/wp-content\/uploads\/2015\/07\/WorkshopEd.jpg\"><img loading=\"lazy\" decoding=\"async\" class=\"alignright size-full wp-image-193\" src=\"http:\/\/armadilloclub.org\/site\/wp-content\/uploads\/2015\/07\/WorkshopEd.jpg\" alt=\"WorkshopEd\" width=\"248\" height=\"186\" \/><\/a><\/p>\n<p>Per la seconda volta, dopo l&#8217;esperienza dell&#8217;estate 2005, Ed Gerhard, coadiuvato da Davide Mastrangelo e con la consulenza organizzativa di Alessio Ambrosi, torna a raccontare. dimostrare e accarezzare la sua chitarra in un workshop della durata di due giorni, apportando emozioni e crescita nelle conoscenze tecniche, melodiche e compositive di tutti quanti vorranno partecipare.<br \/>\nDavide Mastrangelo, fondatore e direttore del Centro Studi Fingerstyle, fornir\u00e0 le basilari conoscenze teoriche e pratiche della musica di Ed e delle tecniche a cui si ispira, mentre Alessio Ambrosi parler\u00e0 dell&#8217;esperienza da lui maturata al fianco di tantissimi chitarristi acustici internazionali, tra segreti e tanti consigli per i giovani e per chi si affaccia al professionismo.<br \/>\nUn&#8217;occasione per vivere intensamente due giorni con uno dei pi\u00f9 grandi e &#8220;poetici&#8221; chitarristi al mondo, immersi nella straordinaria natura di un bellissimo agriturismo ligure.<\/p>\n<p>Luned\u00ec 18 agosto<\/p>\n<p>Ore 11,00 \u2013 benvenuto<\/p>\n<p>Ore 11,30\/12,30 \u2013 &#8220;Il chitarrista acustico sul palco e&#8230; &#8221; I parte\u00a0Doc. ALESSIO AMBROSI<\/p>\n<p>Pausa pranzo<\/p>\n<p>Ore 15,00\/17,00 \u2013 &#8220;Tecniche tradizionali e moderne per chitarra acustica&#8221;\u00a0Doc. DAVIDE MASTRANGELO<br \/>\nOre 17,30\/19,30 \u2013 &#8220;La chitarra di Ed Gerhard&#8221; I parte \u00a0Doc. ED GERHARD<\/p>\n<p><a href=\"http:\/\/armadilloclub.org\/site\/wp-content\/uploads\/2015\/07\/Workshop.jpg\"><img loading=\"lazy\" decoding=\"async\" class=\"alignleft size-full wp-image-192\" src=\"http:\/\/armadilloclub.org\/site\/wp-content\/uploads\/2015\/07\/Workshop.jpg\" alt=\"Workshop\" width=\"164\" height=\"186\" \/><\/a>Pausa cena<\/p>\n<p>Ore 21,00 \u2013 Open Mic con consigli dei docenti su ogni singola esibizione,<\/p>\n<p>performance di ED GERHARD<\/p>\n<p>Marted\u00ec 19 agosto<\/p>\n<p>Colazione<\/p>\n<p>Ore 9,30\/11,30 \u2013 &#8220;Stimoliamo la creativit\u00e0&#8221;: arrangiamento e composizione\u00a0per chitarra acustica<br \/>\nDoc. DAVIDE MASTRANGELO<br \/>\nOre 11,45\/12,45 \u2013 &#8220;Il chitarrista acustico sul palco e\u2026&#8221; II parte \u00a0Doc. ALESSIO AMBROSI<\/p>\n<p>Pausa pranzo<\/p>\n<p>Ore 15,00\/17,00 \u2013 &#8220;La chitarra di Ed Gerhard&#8221; II parte Doc. ED GERHARD<br \/>\nOre 17,00 \u2013 Saluti, consegna attestati di frequenza, consegna materiale didattico per lo studio a casa.<\/p>\n<p>Il workshop si terr\u00e0 presso l\u2019agriturismo &#8220;IL BORGO DELLA COLOMBA&#8221;, Via di Giucano, SARZANA \u2013 FOSDINOVO (6 Km. dal centro storico di Sarzana)<br \/>\ntel. ore serali 0187-628152 cell. 328 9643415.<br \/>\nL\u2019agriturismo \u00e8 fornito di giardino e sala per gli incontri ed \u00e8 inoltre dotato di piscina e bagni con vasca idromassaggio. www.ilborgodellacolomba.com<\/p>\n<p>Costi Workshop:<br \/>\n&#8211; Euro 100 per la sola partecipazione al workshop senza vitto ed alloggio<br \/>\n&#8211; Euro 170 per la partecipazione al workshop comprensiva di vitto ed alloggio nelle camere dell\u2019agriturismo con queste modalit\u00e0: dormire e 1\u00b0 colazione (notte di luned\u00ec), 2 pranzi (luned\u00ec e marted\u00ec), una cena (luned\u00ec).<br \/>\n&#8211; Costo ridotto a Euro 160 per l\u2019eventuale sistemazione notturna in propria tenda da campeggio che potr\u00e0 essere sistemata all\u2019interno del terreno dell\u2019agriturismo.<\/p>\n<p>Per informazioni ed iscrizioni contattare l\u2019Ass. Cult. Armadillo Club al numero 0187 626993, e-mail:info@armadilloclub.org<\/p>\n<hr \/>\n<h3>ARMADILLO CLUB WORKSHOP ESTIVO<br \/>\nSARZANA<br \/>\n20 \u2013 21 AGOSTO 2005<\/h3>\n<p><a href=\"http:\/\/armadilloclub.org\/site\/wp-content\/uploads\/2015\/07\/EdGerhard.jpg\"><img loading=\"lazy\" decoding=\"async\" class=\"size-thumbnail wp-image-97\" src=\"http:\/\/armadilloclub.org\/site\/wp-content\/uploads\/2015\/07\/EdGerhard-150x150.jpg\" alt=\"Questa ed altre foto sono in vendita presso il fotografo ufficiale del Festival Marcello Leotta: tel:06 50513940, e-mail: ml.artphoto@libero.it\" width=\"150\" height=\"150\" \/><\/a><\/p>\n<h4>Ospiti: ED GERHARD, DAVIDE MASTRANGELO, ALESSIO AMBROSI<\/h4>\n<p>Il workshop si terr\u00e0 presso l\u2019agriturismo &#8220;IL BORGO DELLA COLOMBA&#8221;, Via di Giucano, SARZANA \u2013 FOSDINOVO (6 Km. dal centro storico di Sarzana)<br \/>\ntel. ore serali 0187-628152 cell. 328 9643415<\/p>\n<hr \/>\n<h3>SEMINARI LA LIUTERIA E LA CHITARRA<\/h3>\n<h3>Fortezza Firmafede di Sarzana, 27-28 giugno 2005<\/h3>\n<p><a href=\"http:\/\/armadilloclub.org\/site\/wp-content\/uploads\/2015\/07\/AlexMastrangeloAlessio.jpg\"><img loading=\"lazy\" decoding=\"async\" class=\" size-full wp-image-183 alignleft\" src=\"http:\/\/armadilloclub.org\/site\/wp-content\/uploads\/2015\/07\/AlexMastrangeloAlessio.jpg\" alt=\"AlexMastrangeloAlessio\" width=\"388\" height=\"349\" srcset=\"https:\/\/www.armadilloclub.org\/site\/wp-content\/uploads\/2015\/07\/AlexMastrangeloAlessio.jpg 388w, https:\/\/www.armadilloclub.org\/site\/wp-content\/uploads\/2015\/07\/AlexMastrangeloAlessio-300x270.jpg 300w\" sizes=\"auto, (max-width: 388px) 100vw, 388px\" \/><\/a>La sera di marted\u00ec 28 giugno si \u00e8 concluso con soddisfazione di tutti il Corso di Formazione di Liuteria, Restauro Strumenti Musicali e Didattica per Chitarra Acustica organizzato dalla nostra Associazione in collaborazione con l\u2019Associazione Val di Magra Formazione.<\/p>\n<p>Per due mattinate intere, nelle splendide sale della Fortezza Firmafede di Sarzana ormai pi\u00f9 che conosciute per essere sede dell\u2019Acoustic Guitar International Meeting di maggio, abbiamo ascoltato tante nozioni e suggerimenti sull\u2019arte di costruzione della chitarra, scelte di legnami, restauro di strumenti seguendo precise direttive professionali attraverso gli interventi dettagliati e competenti dei <strong>maestri Paolo Coriani e Lando Fanfani.<\/strong><\/p>\n<p>I pomeriggi poi sono stati teatro dell\u2019 ottimo lavoro realizzato dal maestro e chitarrista <strong>Davide Mastrangelo<\/strong> che ha entusiasmato tutti per la sua capacit\u00e0 e metodologia didattica, a testimonianza di molti, un vero stimolatore di crescita sullo strumento. Le due giornate hanno avuto come momento finale l\u2019incontro con il grande <strong>Alex De Grassi<\/strong> che, in una forma di workshop\/concerto, ha fatto ascoltare i suoi straordinari brani per chitarra acustica, analizzandone i momenti creativi, gli arrangiamenti, i \u201ccolori delle note\u201d. Dire che \u00e8 stata una cosa interessante \u00e8 veramente poco, tutti i presenti hanno assistito a qualcosa di cos\u00ec profondo da rimanere entusiasti.<br \/>\nL\u2019esperienza avr\u00e0 un seguito nel 2006, quando sar\u00e0 collocata all\u2019interno e durante i giorni di svolgimento dell\u2019Acoustic Guitar International Meeting.<\/p>\n<p>&nbsp;<\/p>\n<p><a href=\"http:\/\/armadilloclub.org\/site\/wp-content\/uploads\/2015\/07\/CentochitarreaSarzana.gif\"><img loading=\"lazy\" decoding=\"async\" class=\"aligncenter size-full wp-image-179\" src=\"http:\/\/armadilloclub.org\/site\/wp-content\/uploads\/2015\/07\/CentochitarreaSarzana.gif\" alt=\"CentochitarreaSarzana\" width=\"313\" height=\"236\" \/><\/a><\/p>\n<p>Una performance collettiva nel grande Fossato della Fortezza Firmafede. Un&#8217;orchestra di decine e decine di chitarristi sotto la direzione del grande FRANCO MORONE, assistito dal Coordinatore Didattico del Meeting Davide Mastrangelo.<\/p>\n<p>Dall\u2019esperienza dei miei workshop estivi \u00e8 nato questo progetto di creare e stimolare all\u2019interno di un festival un momento di aggregazione e di musica d\u2019insieme, che vedr\u00e0 impegnati un numero imprecisato (al momento) di chitarristi. L\u2019adesione al progetto \u00e8 gratuita e prevede l\u2019esecuzione di tre brani mediamente non impegnativi. Sono benvenuti gli insegnanti, con gruppi il pi\u00f9 possibile preparati, e sono previste prove generali o di gruppi parziali, in spazi ed orari da precisare all\u2019interno del festival. Per ricevere maggiori informazioni vi invito a comunicarmi la vostra adesione all\u2019indirizzo e-mail bookings@francomorone.it, specificando l\u2019iscrizione per la versione picking o ritmica o per l\u2019eventuale parte in assolo. I brani e ulteriori informazioni saranno disponibili sui siti www.armadilloclub.org e <a href=\"http:\/\/www.francomorone.com\" target=\"_blank\">www.francomorone.com<\/a><\/p>\n<p>Si ricorda di portare il proprio strumento accordatura standard 440, leggio, brani stampati, molle antivento ed altri accessori di uso comune . (pedalino, corde di ricambio etc..) Per qualsiasi quesito riguardante i brani \/possibili errori o ulteriori dettagli tecnici resto a disposizione tramite e-mail, contact@francomorone.it<br \/>\nBuona musica! Franco Morone<\/p>\n","protected":false},"excerpt":{"rendered":"<p>sede di Sarzana presso Auditorium\u00a0 Armadillo Club Centro Culturale Polivalente ex vecchio mercato Via Terzi, Sarzana (SP) Tel. 0187 626993 info@armadilloclub.org Insegnante:\u00a0Giuseppe Tropeano Scuolacustica \u00e8 una realt\u00e0 che nasce dall\u2019esperienza di fingerpicking.net: un marchio consolidato in tanti anni di lavoro &hellip; <\/p>\n<p><a class=\"more-link\" href=\"https:\/\/www.armadilloclub.org\/site\/armadillo-club-auditorium\/corsi-chitarra-seminari-clinics\/\">Continue reading<\/a><\/p>\n","protected":false},"author":1,"featured_media":0,"parent":250,"menu_order":0,"comment_status":"closed","ping_status":"closed","template":"","meta":{"footnotes":""},"class_list":["post-1226","page","type-page","status-publish","hentry"],"_links":{"self":[{"href":"https:\/\/www.armadilloclub.org\/site\/wp-json\/wp\/v2\/pages\/1226","targetHints":{"allow":["GET"]}}],"collection":[{"href":"https:\/\/www.armadilloclub.org\/site\/wp-json\/wp\/v2\/pages"}],"about":[{"href":"https:\/\/www.armadilloclub.org\/site\/wp-json\/wp\/v2\/types\/page"}],"author":[{"embeddable":true,"href":"https:\/\/www.armadilloclub.org\/site\/wp-json\/wp\/v2\/users\/1"}],"replies":[{"embeddable":true,"href":"https:\/\/www.armadilloclub.org\/site\/wp-json\/wp\/v2\/comments?post=1226"}],"version-history":[{"count":6,"href":"https:\/\/www.armadilloclub.org\/site\/wp-json\/wp\/v2\/pages\/1226\/revisions"}],"predecessor-version":[{"id":1258,"href":"https:\/\/www.armadilloclub.org\/site\/wp-json\/wp\/v2\/pages\/1226\/revisions\/1258"}],"up":[{"embeddable":true,"href":"https:\/\/www.armadilloclub.org\/site\/wp-json\/wp\/v2\/pages\/250"}],"wp:attachment":[{"href":"https:\/\/www.armadilloclub.org\/site\/wp-json\/wp\/v2\/media?parent=1226"}],"curies":[{"name":"wp","href":"https:\/\/api.w.org\/{rel}","templated":true}]}}