{"id":481,"date":"2015-08-25T12:46:59","date_gmt":"2015-08-25T10:46:59","guid":{"rendered":"http:\/\/armadilloclub.org\/site\/?page_id=481"},"modified":"2015-08-31T18:58:58","modified_gmt":"2015-08-31T16:58:58","slug":"laboratorio-piazza-de-andre","status":"publish","type":"page","link":"https:\/\/www.armadilloclub.org\/site\/eventi-realizzati\/laboratorio-piazza-de-andre\/","title":{"rendered":"Laboratorio Piazza De Andr\u00e8"},"content":{"rendered":"<p><strong><a href=\"http:\/\/armadilloclub.org\/site\/wp-content\/uploads\/2015\/08\/Laboratorio-P.zza-De-Andr\u00e8_2015.jpg\"><img loading=\"lazy\" decoding=\"async\" class=\"size-medium wp-image-317 alignleft\" src=\"http:\/\/armadilloclub.org\/site\/wp-content\/uploads\/2015\/08\/Laboratorio-P.zza-De-Andr\u00e8_2015-212x300.jpg\" alt=\"Laboratorio P.zza De Andr\u00e8_2015\" width=\"212\" height=\"300\" srcset=\"https:\/\/www.armadilloclub.org\/site\/wp-content\/uploads\/2015\/08\/Laboratorio-P.zza-De-Andr\u00e8_2015-212x300.jpg 212w, https:\/\/www.armadilloclub.org\/site\/wp-content\/uploads\/2015\/08\/Laboratorio-P.zza-De-Andr\u00e8_2015.jpg 702w\" sizes=\"auto, (max-width: 212px) 100vw, 212px\" \/><\/a>VENERDI\u2019 21 AGOSTO<\/strong><\/p>\n<p>ore 18<\/p>\n<p>Arte varia e pittori in Piazza<\/p>\n<p>Interventi del <strong>Presidio di LIBERA \u201cDARIO CAPOLICCHIO\u201d<\/strong>: \u201cCronache da Fort Apache\u201d<br \/>\n<em>nel ventennale di Libera, letture da articoli di Giancarlo Siani, il giornalista napoletano di cui quest\u2019anno ricorrono i 30 anni dall\u2019assassinio per mano della camorra<\/em><\/p>\n<p>Reading di poesia di <strong>LUCIANO MEZZETTA<\/strong><\/p>\n<p><strong>RAFFAELE COZZATI<\/strong> \u201cOne Blues Man\u201d<br \/>\nvoce &amp; chitarra blues<\/p>\n<p><strong>BLIPS<\/strong><br \/>\nSara Kismet Del Bubba, voce e basso elettrico \u2013 Tommaso Vietina, chitarra e voce \u2013 Chiara Esposito, batteria \u2013 special guest: Sara Cas, chitarra<\/p>\n<p>ore 21\u00a0in concerto:<\/p>\n<p><strong>TEMPI DURI<\/strong><br \/>\nCarlo Facchini, voce e chitarra acustica \u2013 Carlo Pimazzoni, chitarra elettrica e cori \u2013 Marco Bisotto, batteria<br \/>\nGiampaolo Righetti, basso e cori \u2013 Claudio Fiorini, tastiere e cori \u2013 Giulia Baldo, voce<br \/>\n<em>Unica band prodotta da Fabrizio De Andr\u00e9 e Dori Ghezzi per la Fado, nasce nella prima met\u00e0 degli anni ottanta tra le citt\u00e0 di Verona e Genova, dalla collaborazione di Carlo Facchini con Cristiano De Andr\u00e8. Nel 1981 e 1982 il gruppo and\u00f2 in tour con Fabrizio per tre volte consecutive, riportando un grande successo e partecipando successivamente a molti appuntamenti e trasmissioni televisive di grande seguito. Sciolti nel 1985 e dopo oltre 30 anni di blackout quasi totale i Tempi Duri riprendono sorprendentemente la piena attivit\u00e0 nel 2014, effettuando 3 uscite contemporanee in un solo giorno: quella del nuovo album Canzoni Segrete, la ristampa dello storico album Chiamali Tempi Duri (1982) in versione remastered, e la pubblicazione sul canale digitale del cofanetto Canzoni Segrete Deluxe Edition, che racchiude entrambi gli album.<\/em><br \/>\n<em>Tutti i lavori sono disponibili in formato cd e sui digital stores e saranno presentati dal vivo nella piazza che d\u00e0 il nome al loro primo scopritore e produttore!<\/em><\/p>\n<p><strong>Consegna del Premio \u201cPiazza De Andr\u00e8 2015\u201d a:<\/strong><\/p>\n<p><strong>ANTONIO INFANTINO &amp; SENEGAL DRUMS<\/strong><br \/>\n\u201cTamburi e Tamorra\u201d<br \/>\nAntonio Infantino, voce e chitarra con Mare Faye \u2013 El Hadji Faye \u201cChanteur\u201d \u2013 Alioune \u2013 Moussa Coulibary, djemb\u00e8, percussioni e voci<\/p>\n<p><em><a href=\"http:\/\/armadilloclub.org\/site\/wp-content\/uploads\/2015\/08\/Antonio-Infantino_live.jpg\" data-slb-active=\"1\" data-slb-asset=\"135880471\" data-slb-internal=\"0\" data-slb-group=\"253\"><img loading=\"lazy\" decoding=\"async\" class=\" size-medium wp-image-322 alignleft\" src=\"http:\/\/armadilloclub.org\/site\/wp-content\/uploads\/2015\/08\/Antonio-Infantino_live-300x200.jpg\" alt=\"Antonio Infantino_live\" width=\"300\" height=\"200\" srcset=\"https:\/\/www.armadilloclub.org\/site\/wp-content\/uploads\/2015\/08\/Antonio-Infantino_live-300x200.jpg 300w, https:\/\/www.armadilloclub.org\/site\/wp-content\/uploads\/2015\/08\/Antonio-Infantino_live-768x512.jpg 768w, https:\/\/www.armadilloclub.org\/site\/wp-content\/uploads\/2015\/08\/Antonio-Infantino_live.jpg 960w\" sizes=\"auto, (max-width: 300px) 100vw, 300px\" \/><\/a>Antonio Infantino \u00e8 da sempre un non allineato, con una carriera ricca di progetti, attivit\u00e0 e sperimentazioni artistiche in direzione ostinata e contraria, come piaceva a Fabrizio. \u201cE\u2019 un\u2019artista che non si sa mai da dove viene, n\u00e8 dove andr\u00e0, si muove come le nuvole\u201d, cosi \u00e8 scritto di lui in un efficace ritratto che apre il volume \u201cAntonio Infantino: danza cosmica, colore, suono ed architettura\u201d, edito nel 1996 dal Parlamento Europeo, nel cui spazio espositivo di Bruxelles \u00e8 stata ospitata una sua grande mostra antologica.<\/em><br \/>\n<em>Il \u201cnomadismo\u201d inizia dalla Basilicata, dove fin dal 1975 fonda il progetto dei Tarantolati di Tricarico e reinventa il repertorio tradizionale della sua terra d\u2019origine, passando dalle ninne nanne alle filastrocche infantili, ai canti di festa e di lotta, basati spesso su ritmi ossessivi e trans-ipnotici. In seguito si muove a Firenze, in Brasile, in Belgio, in Olanda, altrove e poi di nuovo a Firenze, con una lunga serie di progetti culturali e interdisciplinari. La \u201ctarantola dell\u2019arte\u201d, il virus che non lo abbandona mai e lo spinge verso territori di ricerca sempre nuovi e diversi, lo porta a diventare architetto, musicista, poeta, pittore, regista teatrale, antropologo, lasciando il segno in ognuno dei campi toccati.<\/em><br \/>\n<em>Ha collaborato con Fernanda Pivano, Dario F\u00f2, Giancarlo Giannini, pubblicato antologie di poesia edite dalla City Lights di Ferlinghetti, musicato il Carnevale di Venezia e la Biennale di Venezia; migliaia di persone, in italia e all\u2019estero, hanno assistito a sue performance,spettacoli, mostre, trasmissione radiofoniche e televisive.<\/em><br \/>\n<em>Oggi si presenta sui palchi con una serie di musicisti senegalesi, fondendo i ritmi e le esperienze della tradizione popolare italiana con la libert\u00e0 e originalit\u00e0 dell\u2019Africa, dando vita ad uno straordinario progetto interculturale e senza frontiere, libero e in piena sintonia con lo spirito del Premio Piazza De Andr\u00e8.<\/em><\/p>\n<p><strong><em>SABATO 22 AGOSTO<\/em><\/strong><\/p>\n<p>ore 18<\/p>\n<p>Arte varia e pittori in Piazza<\/p>\n<p>Interventi del <strong>Presidio di LIBERA \u201cDARIO CAPOLICCHIO\u201d<\/strong>: \u201cLo spirito di un giornale\u201d<br \/>\n<em>seguendo il tema \u2018Mafia e giornalismo\u2019, lettura di articoli di Giuseppe Fava, ucciso nel 1984 da Cosa nostra per le sue inchieste scomode<\/em><\/p>\n<p><strong>GIUSEPPE TROPEANO &amp; ScuolacusticA di Sarzana<\/strong><br \/>\n<em>chitarra battente &amp; chitarra fingerstyle<\/em><\/p>\n<p><strong>LIVIO BERNARDINI &amp; EGILDO SIMEONE<\/strong> La Resistenza, 70\u00b0 anniversario<br \/>\n<em>canti e musiche della resistenza per non dimenticare<\/em><\/p>\n<p><strong>RAFFAELE COZZATI<\/strong> \u201cOne Blues Man\u201d<br \/>\n<em>voce &amp; chitarra blues<\/em><\/p>\n<p>ore 21\u00a0in concerto:<\/p>\n<p><strong>INKONAPIN<\/strong><br \/>\nEnrico Messina: violoncello \u2013 Matteo Ratti: voce e chitarra<br \/>\n<em>Il duo si \u00e8 formato nel 2014 e nell\u2019arco di breve tempo, grazie ad alcuni video live caricati on-line (con oltre 200 mila visualizzazioni), ha iniziato a riscuotere i primi apprezzamenti. Dopo i primi concerti in Italia e un mini-tour in Brasile, oggi \u00e8 in preparazione il primo album di inediti che vedr\u00e0 la luce nella seconda met\u00e0 del 2015.<\/em><br \/>\n<strong>JAIME DOLCE ACOUSTIC BLUES DUO<\/strong><br \/>\nJaime Dolce (Usa) voce &amp; chitarra \u2013 Anacleto Orlandi: basso<br \/>\n<em>Soul &amp; rhythm\u2019n\u2019blues di alta qualit\u00e0 sono le proposte di questo bravissimo cantante chitarrista newyorkese, ormai naturalizzato italiano. Con innumerevoli tour e concerti alle spalle, presenter\u00e0 un\u2019efficace miscela di brani editi ed inediti, pieni di energia e suonati con grande maestria sugli strumenti.<\/em><br \/>\n<strong>TERESA PLANTAMURA QUARTET<\/strong><br \/>\nTeresa Plantamura: voce, chitarra, tastiera, percussioni \u2013 Davide Bellazzini: voce, chitarre \u2013 Giovanni Silvestri: basso \u2013 Leonardo Pierri: batteria<br \/>\n<em>Teresa Plantamura (Terri) nasce in Toscana, dove tutt\u2019oggi vive, anche se restano in lei molto forti e profondi i legami con la terra d\u2019origine della sua famiglia, la Puglia, regione di grandi tradizioni e di folklore, caratteristiche che da subito suscitano in lei emozioni e indelebili passioni. Cantautrice eclettica, non dimentica i suoni delle tradizioni, dalle bande musicali ai ritmi della pizzica alle dolci melodie. I suoi testi sono un viaggio libero e incondizionato alla scoperta di vari luoghi, atmosfere e colori; il suo canto coinvolgente e ricco di passionalit\u00e0 \u00e8 autentica espressione del suo Essere. Teresa \u00e8 una musicista moderna che sa ben miscelare suoni nuovi e inediti con atmosfere della tradizione folk italiana, presentandosi con grinta e passione, dolcezza e ironia. Piazza De Andr\u00e8 la accoglie con molto piacere.<\/em><\/p>\n<p>Organizzazione: ARCI-UISP Valdimagra<br \/>\nDirezione artistica e organizzativa: Alessio Ambrosi, Ass. Cult. Armadillo Club<\/p>\n","protected":false},"excerpt":{"rendered":"<p>VENERDI\u2019 21 AGOSTO ore 18 Arte varia e pittori in Piazza Interventi del Presidio di LIBERA \u201cDARIO CAPOLICCHIO\u201d: \u201cCronache da Fort Apache\u201d nel ventennale di Libera, letture da articoli di Giancarlo Siani, il giornalista napoletano di cui quest\u2019anno ricorrono i &hellip; <\/p>\n<p><a class=\"more-link\" href=\"https:\/\/www.armadilloclub.org\/site\/eventi-realizzati\/laboratorio-piazza-de-andre\/\">Continue reading<\/a><\/p>\n","protected":false},"author":1,"featured_media":0,"parent":146,"menu_order":0,"comment_status":"closed","ping_status":"closed","template":"","meta":{"footnotes":""},"class_list":["post-481","page","type-page","status-publish","hentry"],"_links":{"self":[{"href":"https:\/\/www.armadilloclub.org\/site\/wp-json\/wp\/v2\/pages\/481","targetHints":{"allow":["GET"]}}],"collection":[{"href":"https:\/\/www.armadilloclub.org\/site\/wp-json\/wp\/v2\/pages"}],"about":[{"href":"https:\/\/www.armadilloclub.org\/site\/wp-json\/wp\/v2\/types\/page"}],"author":[{"embeddable":true,"href":"https:\/\/www.armadilloclub.org\/site\/wp-json\/wp\/v2\/users\/1"}],"replies":[{"embeddable":true,"href":"https:\/\/www.armadilloclub.org\/site\/wp-json\/wp\/v2\/comments?post=481"}],"version-history":[{"count":3,"href":"https:\/\/www.armadilloclub.org\/site\/wp-json\/wp\/v2\/pages\/481\/revisions"}],"predecessor-version":[{"id":519,"href":"https:\/\/www.armadilloclub.org\/site\/wp-json\/wp\/v2\/pages\/481\/revisions\/519"}],"up":[{"embeddable":true,"href":"https:\/\/www.armadilloclub.org\/site\/wp-json\/wp\/v2\/pages\/146"}],"wp:attachment":[{"href":"https:\/\/www.armadilloclub.org\/site\/wp-json\/wp\/v2\/media?parent=481"}],"curies":[{"name":"wp","href":"https:\/\/api.w.org\/{rel}","templated":true}]}}