{"id":55,"date":"2015-07-21T17:02:11","date_gmt":"2015-07-21T15:02:11","guid":{"rendered":"http:\/\/armadilloclub.org\/site\/?page_id=55"},"modified":"2020-08-14T12:46:37","modified_gmt":"2020-08-14T10:46:37","slug":"clive-carroll","status":"publish","type":"page","link":"https:\/\/www.armadilloclub.org\/site\/management-e-produzioni\/clive-carroll\/","title":{"rendered":"Clive Carroll"},"content":{"rendered":"<h2 style=\"text-align: right;\"><a href=\"https:\/\/www.armadilloclub.org\/site\/wp-content\/uploads\/2015\/07\/p8030173-edit_2-e1479313363637.jpg\" target=\"_blank\" rel=\"attachment noopener wp-att-31 noreferrer\"><img loading=\"lazy\" decoding=\"async\" class=\"wp-image-1207 size-full aligncenter\" src=\"https:\/\/www.armadilloclub.org\/site\/wp-content\/uploads\/2015\/07\/p8030173-edit_2-e1479313363637.jpg\" alt=\"\" width=\"600\" height=\"450\" srcset=\"https:\/\/www.armadilloclub.org\/site\/wp-content\/uploads\/2015\/07\/p8030173-edit_2-e1479313363637.jpg 600w, https:\/\/www.armadilloclub.org\/site\/wp-content\/uploads\/2015\/07\/p8030173-edit_2-e1479313363637-300x225.jpg 300w\" sizes=\"auto, (max-width: 600px) 100vw, 600px\" \/><\/a><\/h2>\n<h1 style=\"text-align: left;\">CLIVE CARROLL (UK)<\/h1>\n<h5><strong>FOLLOW THE ARTIST:\u00a0<\/strong><strong><a href=\"https:\/\/www.facebook.com\/clivecarroll\/\" target=\"_blank\" rel=\"attachment noopener wp-att-921 noreferrer\"><img loading=\"lazy\" decoding=\"async\" class=\"wp-image-921\" src=\"https:\/\/www.armadilloclub.org\/site\/wp-content\/uploads\/2016\/03\/rujr-150x150.png\" alt=\"rujr\" width=\"30\" height=\"30\" srcset=\"https:\/\/www.armadilloclub.org\/site\/wp-content\/uploads\/2016\/03\/rujr-150x150.png 150w, https:\/\/www.armadilloclub.org\/site\/wp-content\/uploads\/2016\/03\/rujr.png 256w\" sizes=\"auto, (max-width: 30px) 100vw, 30px\" \/><\/a><a href=\"http:\/\/twitter.com\/clivecarroll\" target=\"_blank\" rel=\"attachment noopener wp-att-930 noreferrer\"><img loading=\"lazy\" decoding=\"async\" class=\"wp-image-930\" src=\"https:\/\/www.armadilloclub.org\/site\/wp-content\/uploads\/2016\/03\/twitter-1.png\" alt=\"twitter\" width=\"30\" height=\"30\" srcset=\"https:\/\/www.armadilloclub.org\/site\/wp-content\/uploads\/2016\/03\/twitter-1.png 189w, https:\/\/www.armadilloclub.org\/site\/wp-content\/uploads\/2016\/03\/twitter-1-150x150.png 150w\" sizes=\"auto, (max-width: 30px) 100vw, 30px\" \/><\/a><\/strong><\/h5>\n<h6><a href=\"http:\/\/www.clivecarroll.co.uk\" target=\"_blank\" rel=\"noopener noreferrer\">www.clivecarroll.co.uk<\/a><\/h6>\n<p>L&#8217;astro nascente della chitarra <em>fingerstyle<\/em>, come pi\u00f9 volte riconosciuto ed affermato dai suoi mentori <strong>John Renbourn<\/strong> e <strong>Tommy Emmanuel<\/strong>. Un grande chitarrista con il dono del grande compositore ed arrangiatore, Clive \u00e8 cresciuto in una famiglia con profonde radici musicali bluegrass e di Irish music. Fu l\u2019incontro con John Renbourn \u00a0ad incoraggiare questo precoce e geniale chitarrista acustico a pubblicare il suo primo solo cd nel 2000, <em>Sixth Sense<\/em>, stimato dalla critica\u00a0 inglese come \u201cuna pietra miliare nel viaggio della chitarra acustica\u201d.<\/p>\n<p><em>Sixth Sense (2000) <\/em>viene seguito da altri album: <em>The Red Guitar (2004)<\/em>, <em>Life in Colour (2009)<\/em> e l\u2019ultimissimo album, uscito ad Agosto 2016,<em> <strong>The Furthest Tree<\/strong><\/em>, dove Clive scopre una nuova maturit\u00e0 compositiva.<\/p>\n<p>La variet\u00e0 musicale delle sue esecuzioni \u00e8 notevole ed \u00e8 unita ad una tecnica limpidissima, completa e stilisticamente varia, ma senza forzature, espressa con grande scioltezza e naturalezza. Oggi \u00e8 uno pi\u00f9 richiesti performer di chitarra al mondo, dal grandissimo Tommy Emmanuel alla pop star Madonna, che condividono molto spesso con lui festival e tour.<\/p>\n<hr \/>\n<h3 style=\"text-align: justify;\">DISCOGRAFIA<\/h3>\n<ul>\n<li style=\"text-align: justify;\">&#8220;Sixth Sense&#8221; is Clive Carroll&#8217;s first solo CD<\/li>\n<li style=\"text-align: justify;\">&#8220;The Red Guitar&#8221; Clive&#8217;s long-awaited second solo album<\/li>\n<li style=\"text-align: justify;\">DVD Live in concert Filmed at The Customs House, South Shields,UK<\/li>\n<li style=\"text-align: justify;\">DVD Sound Techniques PAL video<\/li>\n<li style=\"text-align: justify;\">&#8220;Life in colour&#8221;, new album realized in 2008<\/li>\n<\/ul>\n<hr \/>\n<h3><\/h3>\n<h3 style=\"text-align: center;\">IMMAGINI<\/h3>\n<p><center><a href=\"https:\/\/www.armadilloclub.org\/site\/wp-content\/uploads\/2015\/07\/clivesepia.jpg\" target=\"_blank\" rel=\"attachment noopener wp-att-1046 noreferrer\"><img loading=\"lazy\" decoding=\"async\" class=\"alignnone wp-image-1046 size-thumbnail\" src=\"https:\/\/www.armadilloclub.org\/site\/wp-content\/uploads\/2015\/07\/clivesepia-150x150.jpg\" alt=\"clivesepia\" width=\"150\" height=\"150\" \/><\/a>\u00a0\u00a0<a href=\"https:\/\/www.armadilloclub.org\/site\/wp-content\/uploads\/2015\/07\/clivepromo13A00.jpg\" target=\"_blank\" rel=\"attachment noopener wp-att-1052 noreferrer\"><img loading=\"lazy\" decoding=\"async\" class=\"alignnone wp-image-1052 size-thumbnail\" src=\"https:\/\/www.armadilloclub.org\/site\/wp-content\/uploads\/2015\/07\/clivepromo13A00-150x150.jpg\" alt=\"clivepromo13A00\" width=\"150\" height=\"150\" \/><\/a><a href=\"https:\/\/www.armadilloclub.org\/site\/wp-content\/uploads\/2015\/07\/CliveCarrollPhoto.jpg\" target=\"_blank\" rel=\"attachment noopener wp-att-1055 noreferrer\"><img loading=\"lazy\" decoding=\"async\" class=\"alignnone wp-image-1055 size-thumbnail\" src=\"https:\/\/www.armadilloclub.org\/site\/wp-content\/uploads\/2015\/07\/CliveCarrollPhoto-150x150.jpg\" alt=\"CliveCarrollPhoto\" width=\"150\" height=\"150\" \/><\/a><a href=\"https:\/\/www.armadilloclub.org\/site\/wp-content\/uploads\/2015\/07\/clivecd1600x1600.jpeg\" rel=\"attachment wp-att-1210\"><img loading=\"lazy\" decoding=\"async\" class=\"alignnone size-thumbnail wp-image-1210\" src=\"https:\/\/www.armadilloclub.org\/site\/wp-content\/uploads\/2015\/07\/clivecd1600x1600-150x150.jpeg\" alt=\"\" width=\"150\" height=\"150\" srcset=\"https:\/\/www.armadilloclub.org\/site\/wp-content\/uploads\/2015\/07\/clivecd1600x1600-150x150.jpeg 150w, https:\/\/www.armadilloclub.org\/site\/wp-content\/uploads\/2015\/07\/clivecd1600x1600-300x300.jpeg 300w, https:\/\/www.armadilloclub.org\/site\/wp-content\/uploads\/2015\/07\/clivecd1600x1600.jpeg 417w\" sizes=\"auto, (max-width: 150px) 100vw, 150px\" \/><\/a><\/center>&nbsp;<\/p>\n<p>INFO &amp; BOOKING: tour@armadilloclub.org<\/p>\n","protected":false},"excerpt":{"rendered":"<p>CLIVE CARROLL (UK) FOLLOW THE ARTIST:\u00a0 www.clivecarroll.co.uk L&#8217;astro nascente della chitarra fingerstyle, come pi\u00f9 volte riconosciuto ed affermato dai suoi mentori John Renbourn e Tommy Emmanuel. Un grande chitarrista con il dono del grande compositore ed arrangiatore, Clive \u00e8 cresciuto &hellip; <\/p>\n<p><a class=\"more-link\" href=\"https:\/\/www.armadilloclub.org\/site\/management-e-produzioni\/clive-carroll\/\">Continue reading<\/a><\/p>\n","protected":false},"author":1,"featured_media":0,"parent":30,"menu_order":0,"comment_status":"closed","ping_status":"closed","template":"","meta":{"footnotes":""},"class_list":["post-55","page","type-page","status-publish","hentry"],"_links":{"self":[{"href":"https:\/\/www.armadilloclub.org\/site\/wp-json\/wp\/v2\/pages\/55","targetHints":{"allow":["GET"]}}],"collection":[{"href":"https:\/\/www.armadilloclub.org\/site\/wp-json\/wp\/v2\/pages"}],"about":[{"href":"https:\/\/www.armadilloclub.org\/site\/wp-json\/wp\/v2\/types\/page"}],"author":[{"embeddable":true,"href":"https:\/\/www.armadilloclub.org\/site\/wp-json\/wp\/v2\/users\/1"}],"replies":[{"embeddable":true,"href":"https:\/\/www.armadilloclub.org\/site\/wp-json\/wp\/v2\/comments?post=55"}],"version-history":[{"count":43,"href":"https:\/\/www.armadilloclub.org\/site\/wp-json\/wp\/v2\/pages\/55\/revisions"}],"predecessor-version":[{"id":1860,"href":"https:\/\/www.armadilloclub.org\/site\/wp-json\/wp\/v2\/pages\/55\/revisions\/1860"}],"up":[{"embeddable":true,"href":"https:\/\/www.armadilloclub.org\/site\/wp-json\/wp\/v2\/pages\/30"}],"wp:attachment":[{"href":"https:\/\/www.armadilloclub.org\/site\/wp-json\/wp\/v2\/media?parent=55"}],"curies":[{"name":"wp","href":"https:\/\/api.w.org\/{rel}","templated":true}]}}