{"id":68,"date":"2015-07-21T17:12:12","date_gmt":"2015-07-21T15:12:12","guid":{"rendered":"http:\/\/armadilloclub.org\/site\/?page_id=68"},"modified":"2016-02-12T14:53:13","modified_gmt":"2016-02-12T13:53:13","slug":"bob-brozman","status":"publish","type":"page","link":"https:\/\/www.armadilloclub.org\/site\/management-e-produzioni\/bob-brozman\/","title":{"rendered":"Bob Brozman"},"content":{"rendered":"<h2 style=\"text-align: justify;\">BOB BROZMAN<\/h2>\n<p style=\"text-align: justify;\">\u00a0<img loading=\"lazy\" decoding=\"async\" class=\"alignnone size-full wp-image-35\" src=\"http:\/\/armadilloclub.org\/site\/wp-content\/uploads\/2015\/07\/fotonaBrozman.jpg\" alt=\"fotonaBrozman\" width=\"600\" height=\"400\" srcset=\"https:\/\/www.armadilloclub.org\/site\/wp-content\/uploads\/2015\/07\/fotonaBrozman.jpg 600w, https:\/\/www.armadilloclub.org\/site\/wp-content\/uploads\/2015\/07\/fotonaBrozman-300x200.jpg 300w\" sizes=\"auto, (max-width: 600px) 100vw, 600px\" \/><br \/>\n<em>Il 23 aprile del 2013, inespettatamente, il caro amico Bob ci ha lasciati. E&#8217; una perdita enorme, con lui abbiamo lavorato, parlato, progettato, condiviso tante avventure e riso tanto, perch\u00e8 Bob, oltre al genio musicale, aveva un&#8217;intelligenza, un&#8217;umanit\u00e0 e un&#8217;ironia sempre pi\u00f9 rare.<\/em><br \/>\n<em> <span style=\"line-height: 1.5;\">Non ci sono molte parole per commentare questo triste evento, se non confermare che il suo ricordo e la sua filosofia di vita vivranno sempre con noi e illumineranno i percorsi musicali che intraprenderemo nel futuro. La vicinanza e il rapporto con sua moglie Haley Sage Robertson Brozman continueranno per sempre, cos\u00ec come Sarzana, che aveva scelto come seconda patria, sar\u00e0 sempre la sua casa.<\/span><\/em><\/p>\n<p style=\"text-align: justify;\"><em>Invitiamo tutti coloro che spendono stupide parole per sporcare il suo ricordo e la grandezza della sua umanit\u00e0 a rispettare un silenzio doveroso. Bob \u00e8 stato un grande artista e un grande uomo, inarrivabile per molti.<\/em><br \/>\n<em> Per tutto ci\u00f2 non toglieremo mai la sua biografia e la sua presentazione nel nostro sito; per noi \u00e8 come aspettare la prossima telefonata o il prossimo messaggio, pronti a partire ancora in tour con lui per una nuova avventura musicale.<\/em><br \/>\n<em> Ai tanti che ci hanno scritto e testimoniato la riconoscenza e l&#8217;amore verso le sue lezioni musicali e di vita mandiamo un caro saluto e un ringraziamento sentito. Prossimamente pubblicheremo qualcuno dei commoventi saluti che ci sono giunti.<\/em><br \/>\n<em> Ciao Bob<\/em><\/p>\n<p style=\"text-align: center;\"><a href=\"http:\/\/armadilloclub.org\/site\/wp-content\/uploads\/2015\/07\/Bobs-cartoon.jpg\"><img loading=\"lazy\" decoding=\"async\" class=\"alignnone wp-image-558 size-full\" src=\"http:\/\/armadilloclub.org\/site\/wp-content\/uploads\/2015\/07\/Bobs-cartoon.jpg\" alt=\"Bob's cartoon\" width=\"800\" height=\"582\" srcset=\"https:\/\/www.armadilloclub.org\/site\/wp-content\/uploads\/2015\/07\/Bobs-cartoon.jpg 800w, https:\/\/www.armadilloclub.org\/site\/wp-content\/uploads\/2015\/07\/Bobs-cartoon-300x218.jpg 300w, https:\/\/www.armadilloclub.org\/site\/wp-content\/uploads\/2015\/07\/Bobs-cartoon-768x559.jpg 768w\" sizes=\"auto, (max-width: 800px) 100vw, 800px\" \/><\/a><\/p>\n<h3 style=\"text-align: justify;\"><strong>The King of National resophonic guitar<\/strong><\/h3>\n<p style=\"text-align: justify;\">Siamo orgogliosi di rappresentare per l&#8217;Italia questo grande musicista, entertainer, etnomusicologo.<br \/>\nNato a New York nel 1954, Bob scopr\u00ec le chitarre resofoniche National all&#8217;et\u00e0 di 14 anni. Da allora i suoi studi etnomusicali si sono concentrati su questo strumento, dalle sue radici nel Delta Blues alla musica Hawaiana ed oltre.<br \/>\nNel corso degli anni la sua passione per gli strumenti resofonici lo ha portato a possedere una collezione incredibile e a essere riconosciuto unanimemente come il pi\u00f9 grande intenditore vivente.<br \/>\nE&#8217; un maestro di blues, slide, hot jazz, musica hawaiana e caraibica e soprattutto un grande ricercatore di culture musicali nel mondo; cos\u00ec questi strumenti con lui suonano, oltre al blues e alle atmosfera hawaiane, la musica africana, indiana, giapponese, quella delle Isole della Reunion e di Papua-New Guinea. Nei vari continenti incontra musicisti straordinari, producendo session musicali memorabili per energia, idee musicali e rispetto per le autenticit\u00e0 e diversit\u00e0. Un viaggio interminabile intorno al mondo che fonde musiche e culture in una miscela esplosiva che coinvolge l\u2019ascoltatore fin dal primo momento. Pi\u00f9 di 200 concerti l\u2019anno in tutto il mondo, con uno spirito di autoproduzione sia negli spettacoli che nelle produzioni discografiche, lontano dal grande e scontato business commerciale.<br \/>\n<span style=\"line-height: 1.5;\">La sua attivit\u00e0 inoltre prevede collaborazioni con numerose riviste musicali, programmi radiofonici e televisivi e lavori cinematografici.<br \/>\n<\/span>Bob Brozman \u00e8 uno di quei rari artisti la cui energia musicale combinata con la profondit\u00e0 di conoscenza dello strumento riesce a coinvolgere gli spettatori di tutto il mondo in una miscela di stupore, comicit\u00e0 e partecipazione a ritmi trascinanti.\u00a0Un acrobata della chitarra che nessuno dimenticher\u00e0 dopo una esibizione &#8220;live&#8221;.<\/p>\n\n<div class='gallery'><dl class='gallery-item'>\n\t\t\t<dt class='gallery-icon landscape'>\n\t\t\t\t<a href='https:\/\/www.armadilloclub.org\/site\/wp-content\/uploads\/2015\/07\/Bob-Brozman-sito.jpg'><img loading=\"lazy\" decoding=\"async\" width=\"150\" height=\"150\" src=\"https:\/\/www.armadilloclub.org\/site\/wp-content\/uploads\/2015\/07\/Bob-Brozman-sito-150x150.jpg\" class=\"attachment-thumbnail size-thumbnail\" alt=\"\" \/><\/a>\n\t\t\t<\/dt><\/dl><dl class='gallery-item'>\n\t\t\t<dt class='gallery-icon landscape'>\n\t\t\t\t<a href='https:\/\/www.armadilloclub.org\/site\/wp-content\/uploads\/2015\/07\/BobTeatroSale2005-1.jpg'><img loading=\"lazy\" decoding=\"async\" width=\"150\" height=\"150\" src=\"https:\/\/www.armadilloclub.org\/site\/wp-content\/uploads\/2015\/07\/BobTeatroSale2005-1-150x150.jpg\" class=\"attachment-thumbnail size-thumbnail\" alt=\"\" \/><\/a>\n\t\t\t<\/dt><\/dl><dl class='gallery-item'>\n\t\t\t<dt class='gallery-icon landscape'>\n\t\t\t\t<a href='https:\/\/www.armadilloclub.org\/site\/wp-content\/uploads\/2015\/07\/BrozmanGuitarsonstage.jpg'><img loading=\"lazy\" decoding=\"async\" width=\"150\" height=\"150\" src=\"https:\/\/www.armadilloclub.org\/site\/wp-content\/uploads\/2015\/07\/BrozmanGuitarsonstage-150x150.jpg\" class=\"attachment-thumbnail size-thumbnail\" alt=\"\" \/><\/a>\n\t\t\t<\/dt><\/dl><br style=\"clear: both\" \/>\n\t\t<\/div>\n\n<blockquote><p><em>\u201cLa tradizione americana \u00e8 stata la mia prima grande passione: una grande scuola d\u2019arte e cultura, ma il mondo viaggia troppo velocemente per aver nostalgia del passato. Da qualche anno, poi, ho cominciato a viaggiare per il mondo e ho scoperto realt\u00e0 artistiche e culturali altrettanto seducenti, che sto vivendo al presente\u201d.<\/em><\/p>\n<p><em>\u201c \u2026a volte, visto il mio aspetto fisico non proprio da americano tipo, mi chiedono da dove provengo: mi piace rispondere da una Nazione tutta mia, dove regna una democrazia utopica; dove tutti suonano e dove c\u2019\u00e8 rispetto per le culture e le tradizioni pi\u00f9 disparate\u2026\u201d<\/em><\/p>\n<p><em>\u201cLe pi\u00f9 elevate forme di musica sono quelle che scaturiscono da una sorta di urlo dell\u2019animo umano. Ci sono ovunque, anche nella cultura occidentale, vedi la tromba di Louis Armstrong o di Miles Davis, la chitarra di Django Reinhardt e Jimi Hendrix. Cos\u00ec la musica diventa un linguaggio universale. Di fatto la comunicazione musicale viene trasmessa attraverso i muscoli delle braccia, delle dita. E\u2019 addirittura pi\u00f9 veloce del canto e della parola: \u00e8 una comunicazione diretta fra cervello e muscoli\u2026\u201d<\/em><\/p>\n<p><em>\u201c\u2026i viaggi per il mondo, l\u2019incontro con universi sonori disparati sono state esperienze umane e culturali prima ancora che artistiche\u2026 Viaggiare per il mondo mi ha fatto nuovamente innamorare del genere umano. Oggi mi considero un antropologo, uno scienziato della musica e degli strumenti a corde\u2026\u201d<\/em><\/p><\/blockquote>\n<h4 style=\"text-align: justify;\">WWW.BOBBROZMAN.COM<\/h4>\n<hr \/>\n<h3 style=\"text-align: justify;\">MAIN EVENTS &#8211; EVENTI PRINCIPALI<\/h3>\n<p style=\"text-align: justify;\">Vancouver Folk Festival<br \/>\nBelgium Rhythm&#8217;n&#8217;Blues Festival<br \/>\nMontreal Int. Jazz Festival<br \/>\nLincon Center Blues Festival N.Y.<br \/>\nBarcelona Blues Festival<br \/>\nFuji Television Network, Japan<br \/>\nFrench-German BI-National TV<br \/>\nPortland World Music Festival<br \/>\nDorpfeesten, Holland<br \/>\nHot Jazz Festival PT Townsend, WA<br \/>\nUniversity of Texas, Austin<br \/>\nAtlant High Museum, GA<br \/>\nFolkstudio, Roma<br \/>\nChicago Blues Festival<br \/>\nPaleo Festival, Nyon, Switzerland<br \/>\nPhiladelphia Folk Festival<br \/>\nVictoria Jazz Festival<br \/>\nWinnipeg Folk Festival<br \/>\nWomad Festival, England<br \/>\nEdmonton Folk Festival<br \/>\nBBC Television, England<br \/>\nIntern. Guitar Festival, Martinique<br \/>\nAmerican Radio Company,<br \/>\nAcoustic Guitar International Meeting, Italia<br \/>\nLondon Music Show<br \/>\nGuitar Passion Festival, Nice, France<br \/>\nSan Diego Folk Festival<br \/>\nDobro Festival, Slovak Rep.<br \/>\n200 concerts in U.K. &#8217;91-&#8216;2000<br \/>\n200 concerts in France &#8217;92-&#8217;94<br \/>\nAfrican Tour 2002<br \/>\nAustralian Tour 2002-2003<br \/>\nNuova Guinea Tour 2003<br \/>\nAustralian Tour 2004<br \/>\nUK, Holland Tour 2004<br \/>\nCanadian, Australian. Italian Tour 2006<br \/>\nEuropean Tour 2009<br \/>\nSelected Shows in USA, Scandinavian, Germany Tour 2010<br \/>\nEuropean Tour 2011<br \/>\nItaly, Romania, Scandinavia, France, Selected Shows in USA 2012<\/p>\n<h3 style=\"text-align: justify;\">PRESS REVIEW &#8211; RASSEGNA STAMPA<\/h3>\n<p style=\"text-align: justify;\"><em>&#8220;Certamente un musicista singolare, un chitarrista di virtuosismo inconfondibile<\/em><br \/>\n<em> &#8230;.un professore della sei corde pieno di energia sul palco e fuori&#8230;.&#8221;<\/em><br \/>\n-LE MONDE, PARIS<br \/>\n<em>&#8220;Bob Brozman supera i limiti dell&#8217;immaginazione!&#8221;<\/em><br \/>\nWINNIPEG FOLK FESTIVAL PROGRAM<\/p>\n<p style=\"text-align: justify;\"><em>&#8220;Un vero artista, Brozman rappresenta genio ed umanit\u00e0&#8230;..&#8221;<\/em><br \/>\nVANGUARDIA; BARCELONA<\/p>\n<p style=\"text-align: justify;\"><em>&#8220;Scolpisce il suo nome in lettere di fuoco sul Monte Rushmore dei chitarristi slide americani!&#8221;<\/em><br \/>\nROCK AND FOLK MAGAZINE, PARIS<\/p>\n<p style=\"text-align: justify;\"><em>&#8220;Un performer completo che cattura la sala dall&#8217;inizio alla fine&#8230;. difficile immaginare uno show migliore&#8221;.<\/em><br \/>\nAUSTIN AMERICAN_STATESMAN, TEXAS<\/p>\n<p style=\"text-align: justify;\"><em>&#8220;Un&#8217;autentica enciclopedia di blues mondiale primitivo, presentato con virtuosismo e incomparabile humor&#8230;&#8221;<\/em><br \/>\nEL PAIS; MADRID<\/p>\n<p style=\"text-align: justify;\"><em>\u201cSe la musica esistesse negli altri universi, Bob sarebbe il rappresentante della Terra per una collaborazione interplanetaria\u201d<\/em> FARSIDE MUSIC, UK\/JAPAN<\/p>\n<h3 style=\"text-align: justify;\">DISCOGRAPHY<\/h3>\n<h3 style=\"text-align: justify;\">1974 YOUR PALE<br \/>\n1978 CHEAP SUIT SERENADERS N.3<br \/>\n1981 BLUE HULA STOMP<br \/>\n1983 SNAPPING THE STRINGS<br \/>\n1985 HELLO, CENTRAL&#8230;.GIVE ME DR.JAZZ<br \/>\n1988 DEVIL&#8217;S SLIDE<br \/>\n1989 TAU MOE FAMILY W\/BOB<br \/>\n1992 TRUCKLOAD OF BLUES<br \/>\n1992 EVERYBODY SLIDES<br \/>\n1993 SLIDE CRAZY<br \/>\n1994 SLIDE A GO GO<br \/>\n1995 DUO WITH MARTIN SIMPSON<br \/>\n1997 THE RUNNING MAN<br \/>\n1997 KIKA KILA MEETS KI HO&#8217;ALU with Ledward Kaapana (Hawaii)<br \/>\n1999 FOUR HANDS SWEET AND HOT with Cyril Pahinui (Hawaii)<br \/>\n2000 IN THE SADDLE with Ledward Kaapana (Hawaii)<br \/>\n2000 GET TOGETHER with Woody Mann<br \/>\n2000 JIN JIN with Takashi Hirayasu (Okinawa)<br \/>\n2000 OCEAN BLUES with Djeli Moussa Diawara (Guinea)<br \/>\n2000 TONE POEMS III with David Grisman and Mike Auldridge<br \/>\n2001 NANKURU NAISA with Takashi Hirayasu (Okinawa)<br \/>\n2001 LIVE NOW<br \/>\n2002 ROLLING THROUGH THIS WORLD with Jeff Lang (Australia)<br \/>\n2002 DIGDIG with Rene Lacaille (La Reunion Island)<br \/>\n2003 METRIC TIME<br \/>\n2003 MAHIMA with Debashish Bhattacharya (India)<br \/>\n2004 BLUES REFLEX<br \/>\n2005 SONGS OF THE VOLCANO Papua-New Guinea Stringbands with Bob Brozman CD\/DVD<br \/>\n2007 LUMIERE<br \/>\n2007 POST INDUSTRIAL BLUES<br \/>\n2009 KANI WAI with George Kahumoku (Hawaii)<br \/>\n2010 SIX DAYS IN DOWN with John McSherry, Donal O&#8217;Connor (Ireland)<br \/>\n2012 FIRE IN THE MIND<\/h3>\n","protected":false},"excerpt":{"rendered":"<p>BOB BROZMAN \u00a0 Il 23 aprile del 2013, inespettatamente, il caro amico Bob ci ha lasciati. E&#8217; una perdita enorme, con lui abbiamo lavorato, parlato, progettato, condiviso tante avventure e riso tanto, perch\u00e8 Bob, oltre al genio musicale, aveva un&#8217;intelligenza, &hellip; <\/p>\n<p><a class=\"more-link\" href=\"https:\/\/www.armadilloclub.org\/site\/management-e-produzioni\/bob-brozman\/\">Continue reading<\/a><\/p>\n","protected":false},"author":1,"featured_media":74,"parent":30,"menu_order":0,"comment_status":"closed","ping_status":"closed","template":"","meta":{"footnotes":""},"class_list":["post-68","page","type-page","status-publish","has-post-thumbnail","hentry"],"_links":{"self":[{"href":"https:\/\/www.armadilloclub.org\/site\/wp-json\/wp\/v2\/pages\/68","targetHints":{"allow":["GET"]}}],"collection":[{"href":"https:\/\/www.armadilloclub.org\/site\/wp-json\/wp\/v2\/pages"}],"about":[{"href":"https:\/\/www.armadilloclub.org\/site\/wp-json\/wp\/v2\/types\/page"}],"author":[{"embeddable":true,"href":"https:\/\/www.armadilloclub.org\/site\/wp-json\/wp\/v2\/users\/1"}],"replies":[{"embeddable":true,"href":"https:\/\/www.armadilloclub.org\/site\/wp-json\/wp\/v2\/comments?post=68"}],"version-history":[{"count":14,"href":"https:\/\/www.armadilloclub.org\/site\/wp-json\/wp\/v2\/pages\/68\/revisions"}],"predecessor-version":[{"id":846,"href":"https:\/\/www.armadilloclub.org\/site\/wp-json\/wp\/v2\/pages\/68\/revisions\/846"}],"up":[{"embeddable":true,"href":"https:\/\/www.armadilloclub.org\/site\/wp-json\/wp\/v2\/pages\/30"}],"wp:featuredmedia":[{"embeddable":true,"href":"https:\/\/www.armadilloclub.org\/site\/wp-json\/wp\/v2\/media\/74"}],"wp:attachment":[{"href":"https:\/\/www.armadilloclub.org\/site\/wp-json\/wp\/v2\/media?parent=68"}],"curies":[{"name":"wp","href":"https:\/\/api.w.org\/{rel}","templated":true}]}}