{"id":718,"date":"2015-10-19T12:59:53","date_gmt":"2015-10-19T10:59:53","guid":{"rendered":"http:\/\/armadilloclub.org\/site\/?page_id=718"},"modified":"2015-10-19T12:59:53","modified_gmt":"2015-10-19T10:59:53","slug":"acoustic-guitar-village","status":"publish","type":"page","link":"https:\/\/www.armadilloclub.org\/site\/eventi-realizzati-2\/acoustic-guitar-village\/","title":{"rendered":"Acoustic Guitar Village"},"content":{"rendered":"<h3>Acoustic Guitar Village all&#8217;interno del Music International Village, salone della musica organizzato in collaborazione con DISMAMUSICA padiglione 18<\/h3>\n<p>MEET Milano 2007, alla Fiera di Milano-Rho, 21-24 settembre 2007 tutte le info su <a href=\"http:\/\/www.meetmilano.expocts.it\" target=\"_blank\">www.meetmilano.expocts.it<\/a> <a href=\"http:\/\/armadilloclub.org\/site\/wp-content\/uploads\/2015\/07\/logo-AGVpiccolo.jpg\"><img loading=\"lazy\" decoding=\"async\" class=\"alignleft size-full wp-image-203\" src=\"http:\/\/armadilloclub.org\/site\/wp-content\/uploads\/2015\/07\/logo-AGVpiccolo.jpg\" alt=\"logo AGVpiccolo\" width=\"400\" height=\"337\" srcset=\"https:\/\/www.armadilloclub.org\/site\/wp-content\/uploads\/2015\/07\/logo-AGVpiccolo.jpg 400w, https:\/\/www.armadilloclub.org\/site\/wp-content\/uploads\/2015\/07\/logo-AGVpiccolo-300x253.jpg 300w\" sizes=\"auto, (max-width: 400px) 100vw, 400px\" \/><\/a> \u00c8 finalmente arrivato settembre e con lui l\u2019attesa nuova manifestazione del mondo della musica in Italia: il MEET MILANO 2007, nello straordinario complesso fieristico di Milano-Rho dal 21 al 24 settembre p.v. Al suo interno il MIV (Music International Village), il salone della musica e degli strumenti musicali, organizzato in collaborazione con l\u2019Associazione DISMAMUSICA, promette di mettere in grande evidenza tutta la cultura musicale italiana, dalla distribuzione degli strumenti musicali, alle performance \u201clive\u201d, ai percorsi formativi musicali. Su invito degli organizzatori e nel cuore del salone, al padiglione 18, trova posto l\u2019 \u201c Acoustic Guitar Village \u201d, evento organizzato dall\u2019Associazione Culturale \u201c Armadillo Club \u201d di Sarzana (SP) che si pone l\u2019obiettivo fondamentale di presentare i contenuti culturali che caratterizzano l\u2019\u201d Acoustic Guitar International Meeting \u201d, manifestazione leader in Italia nel settore della chitarra acustica ed una delle pi\u00f9 stimate in campo internazionale. Da dieci anni la rassegna di Sarzana, calata nel suggestivo sipario della fortezza medievale \u201cFirmafede\u201d, offre a pi\u00f9 di 10.000 visitatori la possibilit\u00e0 di immergersi totalmente nell\u2019universo della chitarra nelle sue forme allo stesso tempo tradizionali e moderne, quelle caratterizzate da profumi di legni pregiati e da abili mani di appassionati artigiani.<\/p>\n<blockquote><p>\u201cLa chitarra acustica pu\u00f2 suonare folk, blues, rock, jazz, musica contemporanea e musica classica, far sentire la melodia di un brano e, allo stesso tempo, linee di bassi ed accordi; pu\u00f2 far ascoltare suoni armonici, arpeggi suggestivi e riff percussivi nell\u2019incastro del tema; pu\u00f2 sorprenderci con il suono di un\u2019accordatura aperta. A pieno titolo \u00e8 considerata lo strumento pi\u00f9 popolare e diffuso nel mondo, interpretando generi e stili esecutivi diversi a seconda dei differenti ambiti culturali e vivendo una continua evoluzione.\u201d<\/p><\/blockquote>\n<p>Sulla base di questi concetti fondamentali, tutto l\u2019indotto della chitarra acustica in Italia, sia nel tessuto produttivo e commerciale, sia nell\u2019evoluzione del percorso creativo degli artisti esecutori, ha ricevuto dall\u2019Acoustic Guitar Meeting grandi impulsi di evoluzione, giungendo ad importanti risultati e proiettandosi verso ulteriori margini di crescita. Presentare un villaggio totalmente dedicato alla chitarra acustica al MEET Milano 2007 vuol dire soddisfare una fetta sempre pi\u00f9 consistente di pubblico fruitore ed appassionato di questo strumento e della grande musica di qualit\u00e0 in genere e fornire inoltre al grande pubblico un\u2019offerta formativa di elevati contenuti culturali\/musicali. Lo spazio sar\u00e0 caratterizzato da un\u2019area destinata a contenere stand espositivi di liutai, marchi chitarristici di grande prestigio, produttori di legnami armonici per liuteria ed un altra pronta ad offrire una serie di appuntamenti \u201clive\u201d con artisti internazionali di grande rilievo, conferenze con importanti relatori, eventi vari con la chitarra acustica protagonista. Tra le varie attivit\u00e0, molta curiosit\u00e0 \u00e8 destata dalla presenza di altri strumenti acustici come le \u201cSound tables\u201d del tedesco Christof Lihuber, strumenti che \u201csuonano\u201d a contatto del corpo umano, o degli strumenti a corde dal mondo di Carlos \u201cNarada\u201d. Si terr\u00e0 all\u2019interno del Village, sabato 22 settembre alle ore 16, \u201cFlatMEETing\u201d , la prima convention dei \u201cflat-pickers\u201d italiani sotto la regia del chitarrista Roberto Dalla Vecchia . Saranno presenti e disponibili ad incontri ed interviste due grandi nomi della chitarra acustica mondiale, i liutai canadesi e proprietari delle omonime aziende Jean Larriv\u00e8e e Patrick Godin . Tutti sono invitati a visitare l\u2019Acoustic Guitar Village, Meet Milano 2007, padiglione 18 della Fiera di Milano-Rho, 21-24 settembre 2007. All\u2019interno dell\u2019\u201dAcoustic Guitar Village\u201d, in un\u2019area espositiva di oltre 300 mq., saranno realizzati:<\/p>\n<ul>\n<li>un\u2019esposizione di liutai italiani costruttori di chitarre acustiche, di rilevanti marchi internazionali, di aziende specializzate nella produzione e commercializzazione di legnami sonori per liuteria<\/li>\n<li>demo, concerti e session musicali di chitarristi acustici italiani e stranieri su un palco appositamente predisposto<\/li>\n<li>incontri e dibattiti su temi particolari nel \u201cSalotto Acustico\u201d (es. generi e tecniche chitarristiche, tendenze del mercato nel settore acustico, ecc.)<\/li>\n<li>presentazioni di prodotti del mercato specifici per chitarra acustica<\/li>\n<li>seminari sulla liuteria e sulla didattica per chitarra acustica<\/li>\n<li>un\u2019area specifica dedicata all\u2019 Acoustic Guitar International Meeting di Sarzana con foto e filmati delle passate edizioni, materiale informativo e promozionale (catologo della manifestazione, brochure, manifesti, programmi, ecc.), merchandising, video dei concerti, possibilit\u00e0 di iscriversi al concorso per giovani chitarristi emergenti \u201cNew Sounds of Acoustic Music\u201d premio Wilder-Davoli 2008, ecc<\/li>\n<li>presentazione delle organizzazioni chitarristiche partners e degli sponsors della manifestazione di Sarzana<\/li>\n<li>uno spazio informativo-divulgativo, realizzato insieme agli Enti Pubblici (Regione Liguria, Provincia della Spezia, Comune di Sarzana) per la presentazione, oltre che dell\u2019Acoustic Guitar International Meeting, di altri rilevanti eventi culturali realizzati in un territorio di grande fascino turistico<\/li>\n<li>presentazione di uno speciale percorso formativo \u201cpilota\u201d per le scuole medie inferiori e superiori, in sperimentazione nella nostra Provincia denominato \u201cProgetto di Educazione alla Chitarra Acustica\u201c, realizzato con il contributo e la collaborazione della Fondazione CARISPE della Spezia<\/li>\n<li>\u201cFlatMEETing\u201d, 1a Convention dei flat-pickers italiani, coordinata e diretta da Roberto Dalla Vecchia<\/li>\n<li>Seminario teorico\/esperienzale \u201cEssere Suono\u201d, si parler\u00e0, si mediter\u00e0, ci si interesser\u00e0 di consapevolezza, armonia, creativit\u00e0, ritmo interno, emissione sonora, improvvisazione, salute psicofisica, ecc. sempre con la chitarra come protagonista, coinvolgendo anche artisti in cartellone<\/li>\n<li>un angolo speciale destinato ai bambini \u201cKids\u2019 Guitar Village\u201d<\/li>\n<li>una cabina con acustica speciale per le dimostrazioni\/prove delle chitarre<\/li>\n<li>varie altre iniziative in tema<\/li>\n<\/ul>\n<p>Espositori presenti all\u2019ACOUSTIC GUITAR VILLAGE: Liutaio FABIO ZONTINI,\u00a0Liutaio ROBERTO FONTANOT,\u00a0Liuteria MIGLIORINI-POZZI Liuteria JACARANDA,\u00a0Liuteria MANNE GUITARS,\u00a0Magnifica Comunit\u00e0 Val di Fiemme CIRESA legnami armonici,\u00a0RIVOLTA legnami x liuteria,\u00a0YAIRI Guitars (BBT Distribuition, France) LARRIVEE Guitars (Wilder),\u00a0NATIONAL RESOPHONIC Guitars (Wilder),\u00a0SEAGULL Guitars (Wilder),\u00a0NARADA Suoni &amp; Strumenti dal Mondo,\u00a0CHRISTOF LIHUBER Sound Tables,\u00a0Centro Studi Fingerstyle di Davide Mastrangelo,\u00a0Seminari \u201cEssere Suono\u201d a cura di Max Ormea &amp; \u201cArte di Vivere\u201d,\u00a0Regione Liguria,\u00a0Provincia della Spezia,\u00a0Citt\u00e0 di Sarzana Impianti Audio a cura di SR Technology (per l\u2019occasione sar\u00e0 presentato il nuovo combo Reso-Acoustic 400 sound system, prodotto dalla SR Technology e disegnato su specifiche tecniche di Bob Brozman) Tecnici del suono: Lallo Costa, Gianluca Cavallini, Franco Ponzini Progetto tecnico allestimenti: Arch. Riccardo Montali, Ing. Patrizio Bellucci Ufficio Stampa: Alice Ambrosi, Cristiano Cameroni, Paola Pardini Direzione Artistica: Alessio Ambrosi Un ringraziamento speciale a EXPOCTS spa, Ass. DISMAMUSICA, Dismamusica Magazine, Heineken Italia spa Eventi all\u2019interno dell\u2019ACOUSTIC GUITAR VILLAGE Concerti\/demo di: Davide Mastrangelo, Roberto Dalla Vecchia, Clive Carroll (UK), Michael Fix (Australia), Gabor Lesko, Max De Bernardi &amp; Mauro Ferrarese, Massimo Gatti &amp; Leo Di Giacomo, Rolando Biscuola, Angelo Barricelli, Toni Balocco, Jacqueline Perkins, Davide Peron, Franco Ressa, Mats Hedberg, Dario Fornara &amp; Gabriele Posenato, Virginia Splendore &amp; Marco Casiraghi Conferenze di: Davide Mastrangelo, Fabio Zontini, Roberto Fontanot, Antonio Selmo, Gianni Rojatti, Paolo Somigli, Jean Larriv\u00e8e, Patrick Godin, Gianluca Cavallini, Max Ormea, Christof Lihuber, ecc. CALENDARIO WORKSHOPS\/CONCERTI Palco ACOUSTIC GUITAR VILLAGE by Ass. Cult. Armadillo Club SR Technology Official Sound Venerd\u00ec 21 settembre h. 11 &#8211; 11,30 DAVIDE MASTRANGELO h. 12 &#8211; 12,30 ROBERTO DALLA VECCHIA (Manne Guitars) h. 14 &#8211; 14,30 Conf. Liuteria Zontini \u201c La Chitarra di Cartone \u201d con demo del M\u00b0 Angelo Barricelli h. 15 &#8211; 15,30 Seminario \u201c ESSERE SUONO \u201d h. 16 &#8211; 16,30 GABOR LESKO (Liuteria Jacaranda) h. 16 &#8211; 17,00 Conf. Liuteria Zontini sul centrale del MEET h. 17 &#8211; 17,30 MAX DE BERNARDI &amp; MAURO FERRARESE h. 18 &#8211; 18,30 MASSIMO GATTI &amp; LEO DI GIACOMO Sabato 22 settembre h. 11 &#8211; 11,30 VIRGINIA SPLENDORE &amp; MARCO CASIRAGHI (SR Technology) h. 11 &#8211; 12,00 Conf. Didattica di Davide Mastrangelo sul centrale del MEET h. 12 &#8211; 12,30 GABOR LESKO (Liuteria Jacaranda) h. 14 &#8211; 14,30 CLIVE CARROLL h. 15 &#8211; 15,30 ROLANDO BISCUOLA \/ Presentazione concorso New Sounds of Acoustic Music Premio Wilder-Davoli h. 15 &#8211; 16,00 Conf. Liuteria di Roberto Fontanot sul centrale del MEET h. 16 &#8211; 16,30 ROBERTO DALLA VECCHIA &amp; FlatMEETing 1\u00b0 convention flatpickers italiani h. 17 &#8211; 17,30 \u201cESSERE SUONO\u201d Max Ormea (chitarra), Nadin Khan (sitar), Arup Kanti Dhas (tabla) h. 17 \u2013 18,00 Clive Carroll sul centrale del MEET h. 18 &#8211; 18,30 TONI BALOCCO (Wilder) Domenica 23 settembre h. 11 &#8211; 11,30 DAVIDE MASTRANGELO h. 11 &#8211; 12,00 Conf. Amplificazione della chitarra di Gianluca Cavallini sul centrale del MEET h. 12 &#8211; 12,30 DAVIDE PERON (Manne Guitars) h. 14 &#8211; 14,30 \u201cESSERE SUONO\u201d Max Ormea (chitarra), Nadin Khan (sitar), Arup Kanti Dhas (tabla) h. 15 &#8211; 15,30 FRANCO RESSA (SR Technology) h. 16 &#8211; 16,30 GABOR LESKO (Liuteria Jacaranda) h. 17 &#8211; 17,30 NURIA SALAGRAU (danzatrice barata natyan-India) FEDERICO SANESI (mrindangam-tabla) (Narada, Suoni dal Mondo) h. 17 &#8211; 18,00 Michael Fix sul centrale del MEET h. 18 &#8211; 18,30 JACQUELINE PERKINS (Martin Guitars) Luned\u00ec 24 settembre h. 11 &#8211; 11,30 FAKHRADDIN GAFAROV (corde dell\u2019 Azerbajyan) &amp; FEDERICO SANESI (tabla-zarb) (Narada, Suoni dal Mondo) h. 12 &#8211; 12,30 MICHAEL FIX h. 14 &#8211; 14,30 Seminario \u201cESSERE SUONO\u201d h. 15 &#8211; 15,30 GABOR LESKO (Liuteria Jacaranda) h. 16 &#8211; 16,30 MATS HEDBERG (Manne Guitars) h. 17 &#8211; 17,30 DARIO FORNARA &amp; GABRIELE POSENATO (Fingerpicking.net) Verranno inoltre presentati dall\u2019Acoustic Guitar Village concerti di chitarristi acustici internazionali e conferenze di liuteria e didattica chitarristica negli spazi centrali del MEET Milano 2007. Questo il calendario con orari e luoghi di svolgimento: 1) concerto\/demo del chitarrista acustico inglese CLIVE CARROLL : Sabato 22 settembre alle ore 17,00, presso il Palco Demo Lem B1 . 2) concerto\/demo del chitarrista acustico australiano MICHAEL FIX : Domenica 23 settembre alle ore 17,00, presso il Palco Demo Lem B1 . 3) Conferenza di liuteria \u201cLa Chitarra di Cartone\u201d ricostruzione e sperimentazione relatori il liutaio Fabio Zontini e Claudio Canevari , dimostrer\u00e0 il M\u00b0 Angelo Barricelli Venerd\u00ec 21 settembre 2007 dalle ore 16,00 alle ore 17,00 di presso lo Spazio Kappa 14 al padiglione 14. Una piccola presentazione dell\u2019evento si terr\u00e0 durante la conferenza stampa di apertura del MEET, venerd\u00ec 21 settembre. 4) Conferenza di liuteria &#8220;Realizzare ed utilizzare un laboratorio di analisi acustica per migliorare la qualit\u00e0 della propria produzione ed amplificare correttamente gli strumenti acustici&#8221; relatori il liutaio Roberto Fontanot e il Prof. Antonio Selmo Sabato 22 settembre dalle ore 15,00 alle ore 16,00 presso Spazio Gamma 18 al padiglione 18 . 5) Conferenza sulla didattica per chitarra acustica &#8220;Teoria, tecnica e creativit\u00e0 per seminare passione, professionalit\u00e0 e competenza&#8221; relatore il maestro chitarrista Davide Mastrangelo Sabato 22 settembre dalle ore 11,00 alle ore 12,00 presso Spazio Gamma 18 al padiglione 18. 6) Conferenza sull&#8217;amplificazione dal vivo in concerto della chitarra acustica &#8220;Il suono a valle\u201d cosa succede quando il suono della chitarra arriva al mixer&#8221; relatore il fonico Gianluca Cavallini Domenica 23 settembre dalle ore 11,00 alle ore 12,00 presso Spazio Gamma 18 al padiglione 18. <a href=\"http:\/\/armadilloclub.org\/site\/wp-content\/uploads\/2015\/07\/map3.jpg\"><img loading=\"lazy\" decoding=\"async\" class=\"aligncenter size-full wp-image-204\" src=\"http:\/\/armadilloclub.org\/site\/wp-content\/uploads\/2015\/07\/map3.jpg\" alt=\"map3\" width=\"576\" height=\"316\" srcset=\"https:\/\/www.armadilloclub.org\/site\/wp-content\/uploads\/2015\/07\/map3.jpg 576w, https:\/\/www.armadilloclub.org\/site\/wp-content\/uploads\/2015\/07\/map3-300x165.jpg 300w\" sizes=\"auto, (max-width: 576px) 100vw, 576px\" \/><\/a><\/p>\n\n<div class='gallery'><dl class='gallery-item'>\n\t\t\t<dt class='gallery-icon landscape'>\n\t\t\t\t<a href='https:\/\/www.armadilloclub.org\/site\/wp-content\/uploads\/2015\/07\/P1030225.jpg'><img loading=\"lazy\" decoding=\"async\" width=\"150\" height=\"150\" src=\"https:\/\/www.armadilloclub.org\/site\/wp-content\/uploads\/2015\/07\/P1030225-150x150.jpg\" class=\"attachment-thumbnail size-thumbnail\" alt=\"\" \/><\/a>\n\t\t\t<\/dt><\/dl><dl class='gallery-item'>\n\t\t\t<dt class='gallery-icon landscape'>\n\t\t\t\t<a href='https:\/\/www.armadilloclub.org\/site\/wp-content\/uploads\/2015\/07\/P1030230.jpg'><img loading=\"lazy\" decoding=\"async\" width=\"150\" height=\"150\" src=\"https:\/\/www.armadilloclub.org\/site\/wp-content\/uploads\/2015\/07\/P1030230-150x150.jpg\" class=\"attachment-thumbnail size-thumbnail\" alt=\"\" \/><\/a>\n\t\t\t<\/dt><\/dl><dl class='gallery-item'>\n\t\t\t<dt class='gallery-icon landscape'>\n\t\t\t\t<a href='https:\/\/www.armadilloclub.org\/site\/wp-content\/uploads\/2015\/07\/Foto-044.jpg'><img loading=\"lazy\" decoding=\"async\" width=\"150\" height=\"150\" src=\"https:\/\/www.armadilloclub.org\/site\/wp-content\/uploads\/2015\/07\/Foto-044-150x150.jpg\" class=\"attachment-thumbnail size-thumbnail\" alt=\"\" \/><\/a>\n\t\t\t<\/dt><\/dl><br style=\"clear: both\" \/><dl class='gallery-item'>\n\t\t\t<dt class='gallery-icon landscape'>\n\t\t\t\t<a href='https:\/\/www.armadilloclub.org\/site\/wp-content\/uploads\/2015\/07\/Meet-07-029.jpg'><img loading=\"lazy\" decoding=\"async\" width=\"150\" height=\"150\" src=\"https:\/\/www.armadilloclub.org\/site\/wp-content\/uploads\/2015\/07\/Meet-07-029-150x150.jpg\" class=\"attachment-thumbnail size-thumbnail\" alt=\"\" \/><\/a>\n\t\t\t<\/dt><\/dl><dl class='gallery-item'>\n\t\t\t<dt class='gallery-icon landscape'>\n\t\t\t\t<a href='https:\/\/www.armadilloclub.org\/site\/wp-content\/uploads\/2015\/07\/P1030123.jpg'><img loading=\"lazy\" decoding=\"async\" width=\"150\" height=\"150\" src=\"https:\/\/www.armadilloclub.org\/site\/wp-content\/uploads\/2015\/07\/P1030123-150x150.jpg\" class=\"attachment-thumbnail size-thumbnail\" alt=\"\" \/><\/a>\n\t\t\t<\/dt><\/dl><dl class='gallery-item'>\n\t\t\t<dt class='gallery-icon landscape'>\n\t\t\t\t<a href='https:\/\/www.armadilloclub.org\/site\/wp-content\/uploads\/2015\/07\/P1030127.jpg'><img loading=\"lazy\" decoding=\"async\" width=\"150\" height=\"150\" src=\"https:\/\/www.armadilloclub.org\/site\/wp-content\/uploads\/2015\/07\/P1030127-150x150.jpg\" class=\"attachment-thumbnail size-thumbnail\" alt=\"\" \/><\/a>\n\t\t\t<\/dt><\/dl><br style=\"clear: both\" \/><dl class='gallery-item'>\n\t\t\t<dt class='gallery-icon landscape'>\n\t\t\t\t<a href='https:\/\/www.armadilloclub.org\/site\/wp-content\/uploads\/2015\/07\/P1030128.jpg'><img loading=\"lazy\" decoding=\"async\" width=\"150\" height=\"150\" src=\"https:\/\/www.armadilloclub.org\/site\/wp-content\/uploads\/2015\/07\/P1030128-150x150.jpg\" class=\"attachment-thumbnail size-thumbnail\" alt=\"\" \/><\/a>\n\t\t\t<\/dt><\/dl><dl class='gallery-item'>\n\t\t\t<dt class='gallery-icon landscape'>\n\t\t\t\t<a href='https:\/\/www.armadilloclub.org\/site\/wp-content\/uploads\/2015\/07\/P1030134.jpg'><img loading=\"lazy\" decoding=\"async\" width=\"150\" height=\"150\" src=\"https:\/\/www.armadilloclub.org\/site\/wp-content\/uploads\/2015\/07\/P1030134-150x150.jpg\" class=\"attachment-thumbnail size-thumbnail\" alt=\"\" \/><\/a>\n\t\t\t<\/dt><\/dl><dl class='gallery-item'>\n\t\t\t<dt class='gallery-icon landscape'>\n\t\t\t\t<a href='https:\/\/www.armadilloclub.org\/site\/wp-content\/uploads\/2015\/07\/P1030161.jpg'><img loading=\"lazy\" decoding=\"async\" width=\"150\" height=\"150\" src=\"https:\/\/www.armadilloclub.org\/site\/wp-content\/uploads\/2015\/07\/P1030161-150x150.jpg\" class=\"attachment-thumbnail size-thumbnail\" alt=\"\" \/><\/a>\n\t\t\t<\/dt><\/dl><br style=\"clear: both\" \/><dl class='gallery-item'>\n\t\t\t<dt class='gallery-icon landscape'>\n\t\t\t\t<a href='https:\/\/www.armadilloclub.org\/site\/wp-content\/uploads\/2015\/07\/P1030166.jpg'><img loading=\"lazy\" decoding=\"async\" width=\"150\" height=\"150\" src=\"https:\/\/www.armadilloclub.org\/site\/wp-content\/uploads\/2015\/07\/P1030166-150x150.jpg\" class=\"attachment-thumbnail size-thumbnail\" alt=\"\" \/><\/a>\n\t\t\t<\/dt><\/dl><dl class='gallery-item'>\n\t\t\t<dt class='gallery-icon landscape'>\n\t\t\t\t<a href='https:\/\/www.armadilloclub.org\/site\/wp-content\/uploads\/2015\/07\/P1030215.jpg'><img loading=\"lazy\" decoding=\"async\" width=\"150\" height=\"150\" src=\"https:\/\/www.armadilloclub.org\/site\/wp-content\/uploads\/2015\/07\/P1030215-150x150.jpg\" class=\"attachment-thumbnail size-thumbnail\" alt=\"\" \/><\/a>\n\t\t\t<\/dt><\/dl><dl class='gallery-item'>\n\t\t\t<dt class='gallery-icon landscape'>\n\t\t\t\t<a href='https:\/\/www.armadilloclub.org\/site\/wp-content\/uploads\/2015\/07\/P1030275.jpg'><img loading=\"lazy\" decoding=\"async\" width=\"150\" height=\"150\" src=\"https:\/\/www.armadilloclub.org\/site\/wp-content\/uploads\/2015\/07\/P1030275-150x150.jpg\" class=\"attachment-thumbnail size-thumbnail\" alt=\"\" \/><\/a>\n\t\t\t<\/dt><\/dl><br style=\"clear: both\" \/><dl class='gallery-item'>\n\t\t\t<dt class='gallery-icon landscape'>\n\t\t\t\t<a href='https:\/\/www.armadilloclub.org\/site\/wp-content\/uploads\/2015\/07\/Foto-061.jpg'><img loading=\"lazy\" decoding=\"async\" width=\"150\" height=\"150\" src=\"https:\/\/www.armadilloclub.org\/site\/wp-content\/uploads\/2015\/07\/Foto-061-150x150.jpg\" class=\"attachment-thumbnail size-thumbnail\" alt=\"\" \/><\/a>\n\t\t\t<\/dt><\/dl><dl class='gallery-item'>\n\t\t\t<dt class='gallery-icon landscape'>\n\t\t\t\t<a href='https:\/\/www.armadilloclub.org\/site\/wp-content\/uploads\/2015\/07\/P1030267.jpg'><img loading=\"lazy\" decoding=\"async\" width=\"150\" height=\"150\" src=\"https:\/\/www.armadilloclub.org\/site\/wp-content\/uploads\/2015\/07\/P1030267-150x150.jpg\" class=\"attachment-thumbnail size-thumbnail\" alt=\"\" \/><\/a>\n\t\t\t<\/dt><\/dl><dl class='gallery-item'>\n\t\t\t<dt class='gallery-icon landscape'>\n\t\t\t\t<a href='https:\/\/www.armadilloclub.org\/site\/wp-content\/uploads\/2015\/07\/P1030143.jpg'><img loading=\"lazy\" decoding=\"async\" width=\"150\" height=\"150\" src=\"https:\/\/www.armadilloclub.org\/site\/wp-content\/uploads\/2015\/07\/P1030143-150x150.jpg\" class=\"attachment-thumbnail size-thumbnail\" alt=\"\" \/><\/a>\n\t\t\t<\/dt><\/dl><br style=\"clear: both\" \/><dl class='gallery-item'>\n\t\t\t<dt class='gallery-icon landscape'>\n\t\t\t\t<a href='https:\/\/www.armadilloclub.org\/site\/wp-content\/uploads\/2015\/07\/P10302151.jpg'><img loading=\"lazy\" decoding=\"async\" width=\"150\" height=\"150\" src=\"https:\/\/www.armadilloclub.org\/site\/wp-content\/uploads\/2015\/07\/P10302151-150x150.jpg\" class=\"attachment-thumbnail size-thumbnail\" alt=\"\" \/><\/a>\n\t\t\t<\/dt><\/dl><dl class='gallery-item'>\n\t\t\t<dt class='gallery-icon landscape'>\n\t\t\t\t<a href='https:\/\/www.armadilloclub.org\/site\/wp-content\/uploads\/2015\/07\/P1030287.jpg'><img loading=\"lazy\" decoding=\"async\" width=\"150\" height=\"150\" src=\"https:\/\/www.armadilloclub.org\/site\/wp-content\/uploads\/2015\/07\/P1030287-150x150.jpg\" class=\"attachment-thumbnail size-thumbnail\" alt=\"\" \/><\/a>\n\t\t\t<\/dt><\/dl><dl class='gallery-item'>\n\t\t\t<dt class='gallery-icon landscape'>\n\t\t\t\t<a href='https:\/\/www.armadilloclub.org\/site\/wp-content\/uploads\/2015\/07\/Foto-070.jpg'><img loading=\"lazy\" decoding=\"async\" width=\"150\" height=\"150\" src=\"https:\/\/www.armadilloclub.org\/site\/wp-content\/uploads\/2015\/07\/Foto-070-150x150.jpg\" class=\"attachment-thumbnail size-thumbnail\" alt=\"\" \/><\/a>\n\t\t\t<\/dt><\/dl><br style=\"clear: both\" \/>\n\t\t<\/div>\n\n<p>&nbsp;<\/p>\n","protected":false},"excerpt":{"rendered":"<p>Acoustic Guitar Village all&#8217;interno del Music International Village, salone della musica organizzato in collaborazione con DISMAMUSICA padiglione 18 MEET Milano 2007, alla Fiera di Milano-Rho, 21-24 settembre 2007 tutte le info su www.meetmilano.expocts.it \u00c8 finalmente arrivato settembre e con lui &hellip; <\/p>\n<p><a class=\"more-link\" href=\"https:\/\/www.armadilloclub.org\/site\/eventi-realizzati-2\/acoustic-guitar-village\/\">Continue reading<\/a><\/p>\n","protected":false},"author":1,"featured_media":0,"parent":714,"menu_order":0,"comment_status":"closed","ping_status":"closed","template":"","meta":{"footnotes":""},"class_list":["post-718","page","type-page","status-publish","hentry"],"_links":{"self":[{"href":"https:\/\/www.armadilloclub.org\/site\/wp-json\/wp\/v2\/pages\/718","targetHints":{"allow":["GET"]}}],"collection":[{"href":"https:\/\/www.armadilloclub.org\/site\/wp-json\/wp\/v2\/pages"}],"about":[{"href":"https:\/\/www.armadilloclub.org\/site\/wp-json\/wp\/v2\/types\/page"}],"author":[{"embeddable":true,"href":"https:\/\/www.armadilloclub.org\/site\/wp-json\/wp\/v2\/users\/1"}],"replies":[{"embeddable":true,"href":"https:\/\/www.armadilloclub.org\/site\/wp-json\/wp\/v2\/comments?post=718"}],"version-history":[{"count":1,"href":"https:\/\/www.armadilloclub.org\/site\/wp-json\/wp\/v2\/pages\/718\/revisions"}],"predecessor-version":[{"id":719,"href":"https:\/\/www.armadilloclub.org\/site\/wp-json\/wp\/v2\/pages\/718\/revisions\/719"}],"up":[{"embeddable":true,"href":"https:\/\/www.armadilloclub.org\/site\/wp-json\/wp\/v2\/pages\/714"}],"wp:attachment":[{"href":"https:\/\/www.armadilloclub.org\/site\/wp-json\/wp\/v2\/media?parent=718"}],"curies":[{"name":"wp","href":"https:\/\/api.w.org\/{rel}","templated":true}]}}