{"id":82,"date":"2015-07-21T17:23:32","date_gmt":"2015-07-21T15:23:32","guid":{"rendered":"http:\/\/armadilloclub.org\/site\/?page_id=82"},"modified":"2020-08-14T12:48:37","modified_gmt":"2020-08-14T10:48:37","slug":"michael-manring","status":"publish","type":"page","link":"https:\/\/www.armadilloclub.org\/site\/management-e-produzioni\/michael-manring\/","title":{"rendered":"Michael Manring"},"content":{"rendered":"<h1 style=\"text-align: left;\"><a href=\"https:\/\/www.armadilloclub.org\/site\/wp-content\/uploads\/2015\/07\/Michael-Manring_invio.jpg\" rel=\"attachment wp-att-1090\"><img loading=\"lazy\" decoding=\"async\" class=\"wp-image-1090 aligncenter\" src=\"https:\/\/www.armadilloclub.org\/site\/wp-content\/uploads\/2015\/07\/Michael-Manring_invio.jpg\" alt=\"Michael Manring_invio\" width=\"600\" height=\"400\" srcset=\"https:\/\/www.armadilloclub.org\/site\/wp-content\/uploads\/2015\/07\/Michael-Manring_invio.jpg 972w, https:\/\/www.armadilloclub.org\/site\/wp-content\/uploads\/2015\/07\/Michael-Manring_invio-300x200.jpg 300w, https:\/\/www.armadilloclub.org\/site\/wp-content\/uploads\/2015\/07\/Michael-Manring_invio-768x512.jpg 768w\" sizes=\"auto, (max-width: 600px) 100vw, 600px\" \/><\/a>MICHAEL MANRING (USA)<\/h1>\n<h3 style=\"text-align: left;\">THE HOTTEST BASSIST TODAY !<\/h3>\n<h5><strong>FOLLOW THE ARTIST:\u00a0<\/strong><strong><a href=\"https:\/\/www.facebook.com\/michaelmanring\" target=\"_blank\" rel=\"attachment wp-att-921 noopener noreferrer\"><img loading=\"lazy\" decoding=\"async\" class=\"wp-image-921\" src=\"https:\/\/www.armadilloclub.org\/site\/wp-content\/uploads\/2016\/03\/rujr-150x150.png\" sizes=\"auto, (max-width: 30px) 100vw, 30px\" srcset=\"https:\/\/www.armadilloclub.org\/site\/wp-content\/uploads\/2016\/03\/rujr-150x150.png 150w, https:\/\/www.armadilloclub.org\/site\/wp-content\/uploads\/2016\/03\/rujr.png 256w\" alt=\"rujr\" width=\"30\" height=\"30\" \/><\/a><a href=\"https:\/\/twitter.com\/michaelxmanring\" target=\"_blank\" rel=\"attachment wp-att-930 noopener noreferrer\"><img loading=\"lazy\" decoding=\"async\" class=\"wp-image-930\" src=\"https:\/\/www.armadilloclub.org\/site\/wp-content\/uploads\/2016\/03\/twitter-1.png\" sizes=\"auto, (max-width: 30px) 100vw, 30px\" srcset=\"https:\/\/www.armadilloclub.org\/site\/wp-content\/uploads\/2016\/03\/twitter-1-150x150.png 150w, https:\/\/www.armadilloclub.org\/site\/wp-content\/uploads\/2016\/03\/twitter-1.png 189w\" alt=\"twitter\" width=\"30\" height=\"30\" \/><\/a><\/strong><\/h5>\n<h6><a href=\"http:\/\/www.manthing.com\" target=\"_blank\" rel=\"noopener noreferrer\">www.manthing.com<\/a><\/h6>\n<p style=\"text-align: left;\">In una settimana tipo, il bassista Michael Manring si potrebbe\u00a0trovare ovunque tra un tour internazionale con la tastierista new age Suzanne Ciani, ad una esibizione in un avant-improv-core club con l\u2019innovatore della chitarra Henry Kaiser, ad un festival folk con il celebrato trovatore John Gorka, ad una registrazione con il trio sperimentale post-metal \u201cAttention Deficit\u201d con Tim Alexander (Primus) e Alex Skolnick (Testament). \u201cE\u2019 tutta musica\u201d Michael alza le spalle quando gli viene chiesto come gestisce cos\u00ec tanti stili e generi differenti. \u201cTrovo le somiglianze pi\u00f9 avvincenti delle differenze e, in definitiva, io semplicemente amo suonare il basso\u201d. L\u2019ovvio piacere che Michael trae dalla musica affascina, allo stesso tempo, pubblico e critici.<br \/>\nLavorando sulle concezioni del suo maestro, l\u2019ultima leggenda del basso Jaco Pastorious, Michael ha sviluppato un approccio interamente nuovo sullo strumento che include accordature, tecniche e metodologie non ortodosse. Ha dimostrato le sue capacit\u00e0 in pi\u00f9 di un centinaio di registrazioni come musicista e migliaia di concerti in America, Europa e Asia. Una delle pi\u00f9 gratificanti ed intime collaborazioni musicali \u00e8 stata con il genio della chitarra acustica Michael Hedges, che ha istantaneamente stabilito una collaborazione musicale con Manring quando l\u2019ha sentito suonare per la prima volta una delle sue fantasiose composizioni per basso mentre Manring era ancora un teenager. La tragica morte di Hedges nel 1997 mise fine ad una straordinaria alleanza musicale e ad una amicizia molto profonda. Attraverso Hedges, Manring \u00e8 stato introdotto alla Windham Hills record dove \u00e8 stato velocemente segnalato come (house bassist) e artista solista. I suoi 4 album da solista con la Windham Hill\/gruppo BMG (<em>Unusual Weather<\/em>,<em> Toward the center of the Night<\/em> e <em>Drastic Measures<\/em> con la Windham Hill, <em>Thank<\/em> con la High Street) gli hanno valso la reputazione internazionale di \u201cmaestro di basso fretless senza rivali\u201d (Guitar Club Magazine, Italia). Ha anche ottenuto due dischi d\u2019oro, nomination ai Grammy e Bammie, un premio della Berklee School of Music e numerosi premi della Bass Players Magazine Reader\u2019s Poll, incluso il Bassista dell\u2019Anno 1994.<br \/>\nGli album <em>Soliloquy<\/em> e <em>The Book of Flame<\/em>\u00a0sono ancora il migliore esempio della sua straordinaria creativit\u00e0. Mentre i dischi dei suonatori di basso tendono ad avere la reputazione di essere musica strettamente legata ai fan del basso hardcore, gli album solisti di Michael hanno costantemente stupito gli ascoltatori con la loro profondit\u00e0 nelle composizioni e accessibilit\u00e0. Dipinge una sorprendente varier\u00e0 di suoni con lo strumento, portando uno scrittore a commentare: \u201cMichael Manring pu\u00f2 fare con un basso pi\u00f9 di quanto l\u2019individuo pi\u00f9 creativo possa immaginare.\u201d (L. Pearce Carson, Napa Valley Register). Negli album la musica spazia da pazze costruzioni elettro-acustiche a intricate composizioni ensemble, a gentili assoli di elogio a Hedges. Attraverso fluidi virtuosismi, tonalit\u00e0 e ritmi esotici, bizzarri strumenti (e modi ancora pi\u00f9 strani di suonarli), ombre di elettronica, industrial, post-bop, noise-core, ambient e (20th century music) con un approccio alla composizione raffinato e un sano senso dell\u2019umorismo, crea un arazzo che \u00e8 ricco di possibilit\u00e0 e significato.<\/p>\n<p>&nbsp;<\/p>\n<hr \/>\n<h3 style=\"text-align: center;\">IMAGES<\/h3>\n<p><center><a href=\"https:\/\/www.armadilloclub.org\/site\/wp-content\/uploads\/2015\/07\/Michael_2010_3.jpg\" rel=\"attachment wp-att-1092\"><img loading=\"lazy\" decoding=\"async\" class=\"alignnone size-thumbnail wp-image-1092\" src=\"https:\/\/www.armadilloclub.org\/site\/wp-content\/uploads\/2015\/07\/Michael_2010_3-150x150.jpg\" alt=\"Michael_2010_3\" width=\"150\" height=\"150\" \/><\/a> <a href=\"https:\/\/www.armadilloclub.org\/site\/wp-content\/uploads\/2015\/07\/IMG_0976.jpg\" rel=\"attachment wp-att-1094\"><img loading=\"lazy\" decoding=\"async\" class=\"alignnone size-thumbnail wp-image-1094\" src=\"https:\/\/www.armadilloclub.org\/site\/wp-content\/uploads\/2015\/07\/IMG_0976-150x150.jpg\" alt=\"IMG_0976\" width=\"150\" height=\"150\" \/><\/a> <a href=\"https:\/\/www.armadilloclub.org\/site\/wp-content\/uploads\/2015\/07\/Manring_markbass.jpg\" rel=\"attachment wp-att-1096\"><img loading=\"lazy\" decoding=\"async\" class=\"alignnone size-thumbnail wp-image-1096\" src=\"https:\/\/www.armadilloclub.org\/site\/wp-content\/uploads\/2015\/07\/Manring_markbass-150x150.jpg\" alt=\"Manring_markbass\" width=\"150\" height=\"150\" \/><\/a><\/center>&nbsp;<\/p>\n<hr \/>\n<p>&nbsp;<\/p>\n<h3>MICHAEL MANRING SELECTED DISCOGRAPHY<\/h3>\n<p style=\"text-align: left;\">With Alex de Grassi and Christopher Garcia<br \/>\nDe man ia (Tropo records)<br \/>\nSolo Albums:<br \/>\nUnusual Weather (Windham Hill)<br \/>\nToward the Center of the Night (Windham Hill)<br \/>\nDrastic Measures (Windham Hill)<br \/>\nThonk (High Street)<br \/>\nThe Book of Flame (Alchemy)<br \/>\nSoliloquy (Manthing Music)<\/p>\n<p style=\"text-align: left;\">with William Ackerman:<br \/>\nPast Light (Windham Hill)<br \/>\nConferring with the Moon (Windham Hill)<br \/>\nImaginary Roads (Windham Hill)<br \/>\nThe Opening of Doors (Windham Hill)<br \/>\nSound of Wind Driven Rain (Windham Hill)<\/p>\n<p style=\"text-align: left;\">with Altazor:<br \/>\nConcurrencia (Redwood Records)<br \/>\nwith Darol Anger.<br \/>\nHeritage (Six Degrees)<br \/>\nwith Darol Anger and Mike Marshall:<br \/>\nChiaroscuro (Windham Hill)<\/p>\n<p style=\"text-align: left;\">with Enzo Avitabile:<br \/>\nEnzo Avitabile (EMI)<br \/>\nwith Keola Beamer:<br \/>\nDancers in the Land of Po (Dancing Cat)<\/p>\n<p style=\"text-align: left;\">with Kurt Bestor:<br \/>\nSketches (BWE)<br \/>\nwith Ken Bonfleld:<br \/>\nHomecoming (BWE)<br \/>\nWinternight (BWE)<\/p>\n<p style=\"text-align: left;\">with Evan Brubaker:<br \/>\nThird Floor (Cake)<\/p>\n<p style=\"text-align: left;\">with Suzanne Ciani and The Wave:<br \/>\nLive! (Seventh Wave)<\/p>\n<p style=\"text-align: left;\">with Barry Cleveland:<br \/>\nVolcano (Supersaturated)<\/p>\n<p style=\"text-align: left;\">with Cloud Chamber:<br \/>\nDark Matter (Supersaturated)<\/p>\n<p style=\"text-align: left;\">with Larry Conklin:<br \/>\nStranger World (Inak)<\/p>\n<p style=\"text-align: left;\">with April] Cope:<br \/>\nTwo Moons (Acorn)<\/p>\n<p style=\"text-align: left;\">with Peppino D&#8217;Agostino:<br \/>\nAcoustic Spirit (Shanachie)<\/p>\n<p style=\"text-align: left;\">with D&#8217;Cuckoo:<br \/>\nUmoja (RGB)<\/p>\n<p style=\"text-align: left;\">with Jim Farrand:<br \/>\n3am on a Tuesday (Cake)<\/p>\n<p style=\"text-align: left;\">with Paolo Giordano:<br \/>\nPaolo Giordano (Step Musique)<br \/>\nKid in a toy&#8217;s shop (Step Musique)<\/p>\n<p style=\"text-align: left;\">with John Gorka:<br \/>\nJack&#8217;s Crows (High Street)<br \/>\nTemporary Road (High Street)<br \/>\nOut of the Valley (High Street)<br \/>\nBetween Five and Seven (High Street)<br \/>\nAfter Yesterday (Red House)<\/p>\n<p style=\"text-align: left;\">with Michael Hedges:<br \/>\nBreakfast in the Field (Windham Hill)<br \/>\nAerial Boundaries (Windham Hill)<br \/>\nWatching My Life Go By (Open Air)<br \/>\nLive from the Double Planet (Windham Hill)<br \/>\nTaproot (Windham Hill)<br \/>\nOracle (Windham Hill)<\/p>\n<p style=\"text-align: left;\">with Rob Young:<br \/>\nSticks and Stones (Imaginary Road)<\/p>\n<p style=\"text-align: left;\">with Danny Helnes:<br \/>\nOne Heart Wild (Silver Wave)<\/p>\n<p style=\"text-align: left;\">with various artists:<br \/>\nAn Evening with Windham Hill Live<br \/>\nA Winter&#8217;s Solstice II (Windham Hill)<br \/>\nA Winter&#8217;s Solstice III (Windham Hill)<br \/>\nWindham Hill Guitar Sampler II (Windham Hill)<br \/>\nA Winter&#8217;s Solstice V (Windham Hill)<br \/>\nA Winter&#8217;s Solstice V (Windham Hill)<br \/>\nA Winter&#8217;s Solstice Vi (Windham Hill)<br \/>\nBass Player Magazine Fifth Anniversary CD (BP)<br \/>\nThe SWR Sound (SWR)<br \/>\nThe Carols of Christmas (Windham Hill)<br \/>\nA Very Green Christmas (Seventh Wave)<br \/>\nSummer Solstice (Windham Hill)<br \/>\nA Winter Solstice Reunion (Windham Hill)<br \/>\nThanksgiving (Windham Hill)<br \/>\nWith Barbara Higbie:<br \/>\nSigns of Life (Windham Hill)<\/p>\n<p style=\"text-align: left;\">with Henry Kalser and Wadada Leo Smith:<br \/>\nYo Miles! (Shanachie)<\/p>\n<p style=\"text-align: left;\">with Patty Larkin:<br \/>\nTango (High Street)<br \/>\nAngels Running (High Street)<br \/>\nPerishable Fruit (High Street)<\/p>\n<p style=\"text-align: left;\">with Mike Marshall:<br \/>\nBrasil Duets (Earthbeat)<\/p>\n<p style=\"text-align: left;\">with Monks of Doom:<br \/>\nForgery (IRS)<\/p>\n<p style=\"text-align: left;\">with Montreux:<br \/>\nSign Language (Windham Hill)<br \/>\nLet Them Say (Windham Hill)<\/p>\n<p style=\"text-align: left;\">with Holly Near:<br \/>\nSky Dances (Redwood)<\/p>\n<p style=\"text-align: left;\">with Carlos Reyes:<br \/>\nThe Beauty of it Ali (TBA)<\/p>\n<p style=\"text-align: left;\">with Sadhappy:<br \/>\nGood Day, Bad Dream (Periscope)<\/p>\n<p style=\"text-align: left;\">with Tadamltsu Salto:<br \/>\nA Perfect Match (Access Music)<br \/>\nIt&#8217;s About Time (Access Music)<\/p>\n<p style=\"text-align: left;\">with Schonherz and Scott:<br \/>\nUnder a Big Sky (Windham Hill)<\/p>\n<p style=\"text-align: left;\">with Richard Schonherz:<br \/>\nA Different Mozart (imaginary Road)<\/p>\n<p style=\"text-align: left;\">with Alex Skolnlck and Tim Alexander:<br \/>\nAttention Deficit (Magna Carta)<\/p>\n<p style=\"text-align: left;\">with the Skol Patrol:<br \/>\nThe Skol Patrol (Gray Streak)<\/p>\n<p style=\"text-align: left;\">with Douglas Spotted Eagle:<br \/>\nCloser to Far Away (Windham Hill)<br \/>\nPray (Higher Octave)<\/p>\n<p style=\"text-align: left;\">with Turtle island String Quartet:<br \/>\nBy the Fireside (Windham Hill)<\/p>\n<p style=\"text-align: left;\">with Trapezold:<br \/>\nMoon Run (Narada)<\/p>\n<p style=\"text-align: left;\">with Kym Tuvim:<br \/>\nKym Tuvim (Cake)<\/p>\n","protected":false},"excerpt":{"rendered":"<p>MICHAEL MANRING (USA) THE HOTTEST BASSIST TODAY ! FOLLOW THE ARTIST:\u00a0 www.manthing.com In una settimana tipo, il bassista Michael Manring si potrebbe\u00a0trovare ovunque tra un tour internazionale con la tastierista new age Suzanne Ciani, ad una esibizione in un avant-improv-core &hellip; <\/p>\n<p><a class=\"more-link\" href=\"https:\/\/www.armadilloclub.org\/site\/management-e-produzioni\/michael-manring\/\">Continue reading<\/a><\/p>\n","protected":false},"author":1,"featured_media":0,"parent":30,"menu_order":0,"comment_status":"closed","ping_status":"closed","template":"","meta":{"footnotes":""},"class_list":["post-82","page","type-page","status-publish","hentry"],"_links":{"self":[{"href":"https:\/\/www.armadilloclub.org\/site\/wp-json\/wp\/v2\/pages\/82","targetHints":{"allow":["GET"]}}],"collection":[{"href":"https:\/\/www.armadilloclub.org\/site\/wp-json\/wp\/v2\/pages"}],"about":[{"href":"https:\/\/www.armadilloclub.org\/site\/wp-json\/wp\/v2\/types\/page"}],"author":[{"embeddable":true,"href":"https:\/\/www.armadilloclub.org\/site\/wp-json\/wp\/v2\/users\/1"}],"replies":[{"embeddable":true,"href":"https:\/\/www.armadilloclub.org\/site\/wp-json\/wp\/v2\/comments?post=82"}],"version-history":[{"count":9,"href":"https:\/\/www.armadilloclub.org\/site\/wp-json\/wp\/v2\/pages\/82\/revisions"}],"predecessor-version":[{"id":1862,"href":"https:\/\/www.armadilloclub.org\/site\/wp-json\/wp\/v2\/pages\/82\/revisions\/1862"}],"up":[{"embeddable":true,"href":"https:\/\/www.armadilloclub.org\/site\/wp-json\/wp\/v2\/pages\/30"}],"wp:attachment":[{"href":"https:\/\/www.armadilloclub.org\/site\/wp-json\/wp\/v2\/media?parent=82"}],"curies":[{"name":"wp","href":"https:\/\/api.w.org\/{rel}","templated":true}]}}