{"id":91,"date":"2015-07-23T16:47:10","date_gmt":"2015-07-23T14:47:10","guid":{"rendered":"http:\/\/armadilloclub.org\/site\/?page_id=91"},"modified":"2020-08-28T15:52:32","modified_gmt":"2020-08-28T13:52:32","slug":"solorazaf-2","status":"publish","type":"page","link":"https:\/\/www.armadilloclub.org\/site\/management-e-produzioni\/solorazaf-2\/","title":{"rendered":"Solorazaf"},"content":{"rendered":"<h2 style=\"text-align: justify;\">SOLORAZAF<\/h2>\n<h3 style=\"text-align: justify;\">Tra Nord e Sud del Mondo<\/h3>\n<p><img loading=\"lazy\" decoding=\"async\" class=\"aligncenter size-full wp-image-93\" src=\"http:\/\/armadilloclub.org\/site\/wp-content\/uploads\/2015\/07\/Solorazaf061.jpg\" alt=\"Solorazaf061\" width=\"600\" height=\"400\" srcset=\"https:\/\/www.armadilloclub.org\/site\/wp-content\/uploads\/2015\/07\/Solorazaf061.jpg 600w, https:\/\/www.armadilloclub.org\/site\/wp-content\/uploads\/2015\/07\/Solorazaf061-300x200.jpg 300w\" sizes=\"auto, (max-width: 600px) 100vw, 600px\" \/><\/p>\n<p style=\"text-align: justify;\">Solorazafindrakoto , questo il suo vero nome, non \u00e8 soltanto il chitarrista che ha suonato con Miriam Makeba, accompagnato Manudibango e Dizzie Gillespie, ma \u00e8 anche un ottimo solista, un \u201cone-man-band\u201d d\u2019 eccezionale talento.<br \/>\nProfondo conoscitore delle possibilit\u00e0 del suo strumento, velocissimo nei passaggi, molto bravo nella linea melodica e nel supporto ritmico e maestro nell\u2019uso della voce, la sua musica \u00e8 ricca di influenze sonore assai diverse, dall\u2019Asia all\u2019Africa nera, dal Portogallo alla Francia, con brani pieni di cambi di ritmo e lussureggianti nella loro struttura, spesso arricchiti da armonie jazz.Nato a Montpellier in Francia, trascorse la sua giovent\u00f9 in Madagascar dove, gi\u00e0 all\u2019 et\u00e0 di 17anni, era conosciuto come uno dei maggiori e pi\u00f9 promettenti interpreti musicali. Il suo ritorno a Parigi verso la fine degli anni settanta coincide con l\u2019inizio di importanti collaborazioni che lo porteranno a diventare il lead guitarist di Miriam Makeba con cui riesce a proporsi a livello planetario partecipando anche in veste solista ai Festival internazionali pi\u00f9 importanti.<br \/>\nLa capacit\u00e0 di Solorazaf di combinare culture apparentemente cos\u00ec lontane come quelle Malagasy e d\u2019impronta orientale, proprie dell\u2019 oceano indiano, con le pi\u00f9 classiche linee melodiche jazz e folk, ha reso questo artista poliedrico il fulcro di un\u2019 esperienza sonora del tutto originale e coinvolgente.<\/p>\n<p><\/p>\n<hr>\n<p><\/p>\n<h3 style=\"text-align: justify;\">RASSEGNA STAMPA<\/h3>\n<p style=\"text-align: justify;\">&#8220;Solorazaf crea un mondo musicale nuovo, basato su ritmi tipici Malagasy e del bacino dell&#8217;Oceano Indiano, arricchito dal suo gusto per le armonie tipiche del jazz e del folk.&#8221;<br \/>\nLE PARISIEN<\/p>\n<p style=\"text-align: justify;\">&#8220;La chitarra di Solo si accende dei ritmi propri della tradizione Malagasy&#8221;<br \/>\nTELERAMA, ELIANE AZOULAY<\/p>\n<p style=\"text-align: justify;\">&#8220;&#8230;una nuova interpretazione della chitarra.&#8221;<br \/>\nIAN ANDERSON, FOLK ROOTS UK<\/p>\n<p style=\"text-align: justify;\">&#8220;&#8230;un incredibile mix sonoro&#8221;<br \/>\nGUITARIST MAG FR<\/p>\n<p style=\"text-align: justify;\">&#8220;&#8230;a master of 12&#8221;\/8 salegy rhythm&#8221;<br \/>\nACOUSTIC GUITAR, USA<\/p>\n<p style=\"text-align: justify;\">\u201cSolorazaf suona come un gruppo\u201d<br \/>\nGIORNALE DI SICILIA<\/p>\n<p><\/p>\n<hr>\n<p><\/p>\n<h3 style=\"text-align: justify;\">DISCOGRAFIA<\/h3>\n<ul>\n<li>1992 &#8211; Malgache Connexion (Auvidis)<\/li>\n<li>1993 &#8211; Guitare \u00e0 balanciers<\/li>\n<li>1996 &#8211; Fruits du voyage (M\u00e9lodie)<\/li>\n<li>1997 &#8211; The moon and the banana tree (Shanahie USA)<\/li>\n<li>1999 &#8211; Nine pieces of bizarre (M\u00e9lodie)<\/li>\n<li>1999 &#8211; Trois rayons de pluie (M\u00e9lodie)<\/li>\n<li>2006 &#8211; Nuovo DVD dal vivo &#8220;RENDEZ VOUS \u00c0 MELTING POT&#8221;<\/li>\n<\/ul>\n<p><\/p>\n<hr>\n<p><\/p>\n<h3 style=\"text-align: justify;\">LO SHOW<\/h3>\n<p style=\"text-align: justify;\">&#8220;Le canzoni che suono sono composizioni personali, alcune solo strumentali, altre cantate, che nascono da vari elementi tra cui spiccano i ritmi tipici del Madagascar e dell&#8217;Oceano Indiano, influenze del folk e delle armonie del jazz, il tutto amalgamato dalla tecnica del finger picking.<\/p>\n<p style=\"text-align: justify;\">I miei strumenti preferiti sono:<\/p>\n<ul>\n<li>una chitarra &#8220;6 + 1&#8221;, cio\u00e8 una chitarra a sei corde con in pi\u00f9 una corda basso, accordata un&#8217;ottava sotto in modo da rendere l&#8217;accompagnamento pi\u00f9 pieno.<\/li>\n<li>la seconda \u00e8 una chitarra accordata in DO, un&#8217;accordatura aperta molto utile per suonare le armonie Malagasy.<\/li>\n<li>un&#8217;altra piccola chitarra, la &#8220;Big Bee&#8221;, accordata met\u00e0 in DO e met\u00e0 in SOL.<\/li>\n<\/ul>\n<p>\nSono strumenti costruiti dai liutai Hame, di Montreal.<br \/>\nUso anche il &#8220;Footoy&#8221;, una percussione a pedale fatta da me che serve a ottenere una base ritmica pi\u00f9 coinvolgente.<\/p>\n<p>Per quanto riguarda la voce, sperimento tutto quello che la mia ugola mi permette, sempre con l&#8217;intento di coinvolgervi in un viaggio che possa portare le vostre emozioni da Parigi a Madagascar, passando per il resto dell&#8217;Europa e del Nord America&#8221;.<\/p>\n<h3 style=\"text-align: center;\"><a href=\"http:\/\/www.solorazaf.com\" target=\"_blank\" rel=\"noopener noreferrer\">www.solorazaf.com<\/a><\/h3>\n","protected":false},"excerpt":{"rendered":"<p>SOLORAZAF Tra Nord e Sud del Mondo Solorazafindrakoto , questo il suo vero nome, non \u00e8 soltanto il chitarrista che ha suonato con Miriam Makeba, accompagnato Manudibango e Dizzie Gillespie, ma \u00e8 anche un ottimo solista, un \u201cone-man-band\u201d d\u2019 eccezionale &hellip; <\/p>\n<p><a class=\"more-link\" href=\"https:\/\/www.armadilloclub.org\/site\/management-e-produzioni\/solorazaf-2\/\">Continue reading<\/a><\/p>\n","protected":false},"author":1,"featured_media":93,"parent":30,"menu_order":0,"comment_status":"closed","ping_status":"closed","template":"","meta":{"footnotes":""},"class_list":["post-91","page","type-page","status-publish","has-post-thumbnail","hentry"],"_links":{"self":[{"href":"https:\/\/www.armadilloclub.org\/site\/wp-json\/wp\/v2\/pages\/91","targetHints":{"allow":["GET"]}}],"collection":[{"href":"https:\/\/www.armadilloclub.org\/site\/wp-json\/wp\/v2\/pages"}],"about":[{"href":"https:\/\/www.armadilloclub.org\/site\/wp-json\/wp\/v2\/types\/page"}],"author":[{"embeddable":true,"href":"https:\/\/www.armadilloclub.org\/site\/wp-json\/wp\/v2\/users\/1"}],"replies":[{"embeddable":true,"href":"https:\/\/www.armadilloclub.org\/site\/wp-json\/wp\/v2\/comments?post=91"}],"version-history":[{"count":10,"href":"https:\/\/www.armadilloclub.org\/site\/wp-json\/wp\/v2\/pages\/91\/revisions"}],"predecessor-version":[{"id":1925,"href":"https:\/\/www.armadilloclub.org\/site\/wp-json\/wp\/v2\/pages\/91\/revisions\/1925"}],"up":[{"embeddable":true,"href":"https:\/\/www.armadilloclub.org\/site\/wp-json\/wp\/v2\/pages\/30"}],"wp:featuredmedia":[{"embeddable":true,"href":"https:\/\/www.armadilloclub.org\/site\/wp-json\/wp\/v2\/media\/93"}],"wp:attachment":[{"href":"https:\/\/www.armadilloclub.org\/site\/wp-json\/wp\/v2\/media?parent=91"}],"curies":[{"name":"wp","href":"https:\/\/api.w.org\/{rel}","templated":true}]}}