{"id":96,"date":"2015-07-23T17:25:40","date_gmt":"2015-07-23T15:25:40","guid":{"rendered":"http:\/\/armadilloclub.org\/site\/?page_id=96"},"modified":"2020-08-24T17:07:13","modified_gmt":"2020-08-24T15:07:13","slug":"ed-gerhard","status":"publish","type":"page","link":"https:\/\/www.armadilloclub.org\/site\/management-e-produzioni\/ed-gerhard\/","title":{"rendered":"Ed Gerhard"},"content":{"rendered":"<h2 style=\"text-align: justify;\"><a href=\"https:\/\/www.armadilloclub.org\/site\/wp-content\/uploads\/2015\/07\/75325_177380295605409_5869897_n.jpg\"><img loading=\"lazy\" decoding=\"async\" class=\"alignleft wp-image-967 size-full\" src=\"https:\/\/www.armadilloclub.org\/site\/wp-content\/uploads\/2015\/07\/75325_177380295605409_5869897_n-e1461689695695.jpg\" alt=\"\" width=\"300\" height=\"451\" srcset=\"https:\/\/www.armadilloclub.org\/site\/wp-content\/uploads\/2015\/07\/75325_177380295605409_5869897_n-e1461689695695.jpg 300w, https:\/\/www.armadilloclub.org\/site\/wp-content\/uploads\/2015\/07\/75325_177380295605409_5869897_n-e1461689695695-200x300.jpg 200w\" sizes=\"auto, (max-width: 300px) 100vw, 300px\" \/><\/a><\/h2>\n<h1 style=\"text-align: left;\">ED GERHARD (USA)<\/h1>\n<h4>Un grande chitarrista, un poeta, un amico<\/h4>\n<h5 style=\"text-align: right;\"><strong>FOLLOW THE ARTIST:\u00a0<\/strong><strong><a href=\"https:\/\/www.facebook.com\/EdGerhard\" target=\"_blank\" rel=\"attachment noopener wp-att-921 noreferrer\"><img loading=\"lazy\" decoding=\"async\" class=\"wp-image-921\" src=\"https:\/\/www.armadilloclub.org\/site\/wp-content\/uploads\/2016\/03\/rujr-150x150.png\" alt=\"rujr\" width=\"30\" height=\"30\" srcset=\"https:\/\/www.armadilloclub.org\/site\/wp-content\/uploads\/2016\/03\/rujr-150x150.png 150w, https:\/\/www.armadilloclub.org\/site\/wp-content\/uploads\/2016\/03\/rujr.png 256w\" sizes=\"auto, (max-width: 30px) 100vw, 30px\" \/><\/a><a href=\"https:\/\/twitter.com\/edgerhard\" target=\"_blank\" rel=\"attachment noopener wp-att-930 noreferrer\"><img loading=\"lazy\" decoding=\"async\" class=\"wp-image-930\" src=\"https:\/\/www.armadilloclub.org\/site\/wp-content\/uploads\/2016\/03\/twitter-1.png\" alt=\"twitter\" width=\"30\" height=\"30\" srcset=\"https:\/\/www.armadilloclub.org\/site\/wp-content\/uploads\/2016\/03\/twitter-1.png 189w, https:\/\/www.armadilloclub.org\/site\/wp-content\/uploads\/2016\/03\/twitter-1-150x150.png 150w\" sizes=\"auto, (max-width: 30px) 100vw, 30px\" \/><\/a><\/strong><\/h5>\n<h6 style=\"text-align: right;\"><a href=\"http:\/\/www.edgerhard.com\" target=\"_blank\" rel=\"noopener noreferrer\">www.edgerhard.com<\/a><\/h6>\n<p style=\"text-align: justify;\">Con ispirazioni che vanno da Andr\u00e9s Segovia a Mississippi John Hurt, Ed ha creato una sua &#8220;voce di chitarra&#8221;,riconosciuta ed apprezzata in tutto il mondo.<br \/>\nLa profondit\u00e0 delle sue composizioni pu\u00f2 emozionare un ascoltatore con una singola nota.<br \/>\nScott Alarik del Boston Globe spiega tutto ci\u00f2 molto meglio quando dice: &#8220;Gerhard non scrive brani strumentali. Scrive canzoni che solo una chitarra pu\u00f2 cantare&#8221;.<br \/>\nQuello che distingue la musica di Ed \u00e8 la sua inventiva nell&#8217;uso delle accordature aperte, che gli permettono una variet\u00e0 di colori fra una composizione e l&#8217;altra. La sua virtuosit\u00e0 sullo strumento, sia esso 6 o 12 corde o Lap Steel Hawaiana \u00e8 sempre al servizio della bellezza.<br \/>\nE&#8217; presente in tutte le pi\u00f9 importanti collezioni discografiche di chitarra acustica, pubblicazioni video e partiture musicali. La &#8220;Breedlove Guitars&#8221; ha recentemente realizzato un modello di chitarra firmato Ed Gerhard, richiestissima e vincitrice del &#8220;Player&#8217;s Choice Award&#8221; della rivista &#8220;Acoustic Guitar&#8221;<\/p>\n<h3 style=\"text-align: center;\">RASSEGNA STAMPA<\/h3>\n<blockquote><p>&#8220;&#8230;i suoi lavori in studio e le performance dal vivo lo hanno affermato come uno dei pi\u00f9 eccitanti tra i chitarristi-compositori.&#8221;<\/p><\/blockquote>\n<h6>ACOUSTIC GUITAR<\/h6>\n<blockquote><p>&#8220;Gerhard deve prendere il suo giusto posto vicino a Leo Kottke e Pierre Bensusan come uno dei veri maestri della chitarra acustica finger-style&#8221;<\/p><\/blockquote>\n<h6>FINGERSTYLE GUITAR<\/h6>\n<blockquote><p>&#8220;Io sono felice di vivere nello stesso periodo di un chitarrista cos\u00ec grande, quando una singola nota pi\u00f9 dire cos\u00ec tanto&#8221;<\/p><\/blockquote>\n<h6>SEYMOUR DUNCAN<\/h6>\n<blockquote><p>&#8220;&#8230;il suo repertorio caratterizzato dal massimo della pacatezza, del lirismo, della cantabilit\u00e0 e del rifiuto del virtuosismo&#8230;.&#8221;<\/p><\/blockquote>\n<h6>ANDREA CARPI, CHITARRE<\/h6>\n<h3 style=\"text-align: center;\">DISCOGRAFIA<\/h3>\n<ul>\n<li>1994 -Windham Hill Guitar Sampler Songbook, Hal Leonard (Ed Gerhard \u00e8 presente con &#8220;The Handing Down&#8221;<\/li>\n<li>1995 &#8211; Ed Gerhard Guitar Music &#8211; selected Pieces from &#8220;Night Birds&#8221; and &#8220;Luna&#8221;, Mel Bay\/John August<\/li>\n<li>1996 &#8211; Portraits of Christmas for Fingerstyle Guitar &#8211; Mel Bay\/John August (Ed Gerhard \u00e8 presente con &#8220;O Holy Night&#8221;)<\/li>\n<li>1999 &#8211; Fingerstyle Guitar Masterpieces &#8211; (Ed Gerhard \u00e8 presente con &#8220;The water is wide&#8221;)<\/li>\n<li>2003 &#8211; Lap Steel Guitar by Andy Volk &#8211; (presenta Ed Gerhard e altri grandi &#8220;steel guitarists&#8221; attuali e del passato)<\/li>\n<li>2004 &#8211; Ed Gerhard &#8211; The Guitar Song Book &#8211; Warner Brothers Publications<\/li>\n<\/ul>\n<h3 style=\"text-align: center;\">VIDEO<\/h3>\n<p><strong>1996 Modern Luthier, JazzBud Productions<\/strong><br \/>\n(interviste ai liutai della Breedlove Guitars, Ed Gerhard suona &#8220;The Water is Wide&#8221;)<strong><br \/>\n1996 All Star Guitar Night Live in Nashville, Homespun Tapes<\/strong><br \/>\n(Ed Gerhard suona &#8220;The Water is Wide&#8221;)<br \/>\n<strong>1998 A fingerstyle summit<\/strong><br \/>\n(with Ed Gerhard, Martin Simpson, Adrian Legg)<\/p>\n<p><a href=\"http:\/\/armadilloclub.org\/site\/wp-content\/uploads\/2015\/07\/leviedisempre.jpg\"><img loading=\"lazy\" decoding=\"async\" class=\"size-full wp-image-100 alignleft\" src=\"http:\/\/armadilloclub.org\/site\/wp-content\/uploads\/2015\/07\/leviedisempre.jpg\" alt=\"leviedisempre\" width=\"143\" height=\"201\" \/><\/a><strong>&#8220;LE VIE DI SEMPRE&#8221;<\/strong><\/p>\n<p style=\"text-align: left;\"><strong>IMPERDIBILE DOCUMENTO FILMATO SUL MASSICCIO DEL MONTE PENNA<\/strong><\/p>\n<p style=\"text-align: left;\">Prodotto da Jux Tap Enterteinement<br \/>\nScritto e diretto da Ivano Ponzini.<br \/>\nGirato in pellicola 16 mm. e masterizzato in digital betacam<br \/>\nquesto filmato, della durata di 30 minuti, nasce principalmente dall&#8217;attiva collaborazione con Simone Grassi (Produttore esecutivo), Andrea Castagna (montatore), la fotografa Daniela Cresci e le\u00a0musiche di ED GERHARD<\/p>\n<p style=\"text-align: left;\">Nelle montagne ofiollitiche della Val d&#8217;Aveto<br \/>\nIl punto di vista degli animali s&#8217;incontra con quello di un bambino che pur provenendo dalla vicina area metropolitana ha la possibilit\u00e0, grazie all&#8217;esistenza di questi luoghi, di vivere l&#8217;esperienza dell&#8217;immersione nella natura integra e non addomesticata.<br \/>\nIl film rappresenta un percorso ideale alla scoperta degli ambienti a maggiore grado di naturalit\u00e0 attraverso le stagioni e lo svolgersi degli eventi naturali.<br \/>\nAbbiamo realizzato questo film per fornire uno stimolo verso l&#8217;importanza di conservare la natura nella sua originaria selvatichezza affinch\u00e9\u00a0sia possibile consegnare alle generazioni future l&#8217;integrit\u00e0 ecologica di queste preziose montagne dove vivono aquile e lupi appena alle spalle di Genova.<\/p>\n<p style=\"text-align: left;\">AeG MARCO- MILANO distributore Nazionale<br \/>\nVia Fortezza 22 20126 MILANO tel. 02 2526286 fax 0382 536703<\/p>\n","protected":false},"excerpt":{"rendered":"<p>ED GERHARD (USA) Un grande chitarrista, un poeta, un amico FOLLOW THE ARTIST:\u00a0 www.edgerhard.com Con ispirazioni che vanno da Andr\u00e9s Segovia a Mississippi John Hurt, Ed ha creato una sua &#8220;voce di chitarra&#8221;,riconosciuta ed apprezzata in tutto il mondo. La &hellip; <\/p>\n<p><a class=\"more-link\" href=\"https:\/\/www.armadilloclub.org\/site\/management-e-produzioni\/ed-gerhard\/\">Continue reading<\/a><\/p>\n","protected":false},"author":1,"featured_media":0,"parent":30,"menu_order":0,"comment_status":"closed","ping_status":"closed","template":"","meta":{"footnotes":""},"class_list":["post-96","page","type-page","status-publish","hentry"],"_links":{"self":[{"href":"https:\/\/www.armadilloclub.org\/site\/wp-json\/wp\/v2\/pages\/96","targetHints":{"allow":["GET"]}}],"collection":[{"href":"https:\/\/www.armadilloclub.org\/site\/wp-json\/wp\/v2\/pages"}],"about":[{"href":"https:\/\/www.armadilloclub.org\/site\/wp-json\/wp\/v2\/types\/page"}],"author":[{"embeddable":true,"href":"https:\/\/www.armadilloclub.org\/site\/wp-json\/wp\/v2\/users\/1"}],"replies":[{"embeddable":true,"href":"https:\/\/www.armadilloclub.org\/site\/wp-json\/wp\/v2\/comments?post=96"}],"version-history":[{"count":22,"href":"https:\/\/www.armadilloclub.org\/site\/wp-json\/wp\/v2\/pages\/96\/revisions"}],"predecessor-version":[{"id":1916,"href":"https:\/\/www.armadilloclub.org\/site\/wp-json\/wp\/v2\/pages\/96\/revisions\/1916"}],"up":[{"embeddable":true,"href":"https:\/\/www.armadilloclub.org\/site\/wp-json\/wp\/v2\/pages\/30"}],"wp:attachment":[{"href":"https:\/\/www.armadilloclub.org\/site\/wp-json\/wp\/v2\/media?parent=96"}],"curies":[{"name":"wp","href":"https:\/\/api.w.org\/{rel}","templated":true}]}}